{"id":11348,"date":"2024-09-20T20:55:30","date_gmt":"2024-09-20T18:55:30","guid":{"rendered":"https:\/\/www.mammaemma.it\/salsas\/ragu-fresco-a-la-bolonesa\/"},"modified":"2024-10-17T01:21:57","modified_gmt":"2024-10-16T23:21:57","slug":"ragu-fresco-a-la-bolonesa","status":"publish","type":"page","link":"https:\/\/www.mammaemma.it\/es\/salsas\/ragu-fresco-a-la-bolonesa\/","title":{"rendered":"Rag\u00fa fresco a la bolo\u00f1esa"},"content":{"rendered":"<p>[et_pb_section fb_built=\u00bb1&#8243; _builder_version=\u00bb4.25.1&#8243; _module_preset=\u00bbdefault\u00bb height=\u00bb600px\u00bb height_tablet=\u00bb600px\u00bb height_phone=\u00bbauto\u00bb height_last_edited=\u00bbon|phone\u00bb custom_padding=\u00bb0px||0px||false|false\u00bb global_colors_info=\u00bb{}\u00bb][et_pb_row column_structure=\u00bb1_2,1_2&#8243; use_custom_gutter=\u00bbon\u00bb gutter_width=\u00bb1&#8243; make_equal=\u00bbon\u00bb custom_padding_last_edited=\u00bbon|phone\u00bb _builder_version=\u00bb4.25.1&#8243; _module_preset=\u00bbdefault\u00bb background_color=\u00bb#b75928&#8243; background_size=\u00bbcustom\u00bb background_image_width=\u00bb100%\u00bb background_image_height=\u00bb100%\u00bb width=\u00bb100%\u00bb max_width=\u00bb100%\u00bb height=\u00bb600px\u00bb height_tablet=\u00bb600px\u00bb height_phone=\u00bbauto\u00bb height_last_edited=\u00bbon|phone\u00bb overflow-x=\u00bbvisible\u00bb overflow-y=\u00bbvisible\u00bb custom_margin_tablet=\u00bb\u00bb custom_margin_phone=\u00bb\u00bb custom_margin_last_edited=\u00bbon|phone\u00bb custom_padding=\u00bb0px||0px||false|false\u00bb custom_padding_tablet=\u00bb0px||0px||false|false\u00bb custom_padding_phone=\u00bb0px||0px||false|false\u00bb global_colors_info=\u00bb{}\u00bb][et_pb_column type=\u00bb1_2&#8243; _builder_version=\u00bb4.25.1&#8243; _module_preset=\u00bbdefault\u00bb background_enable_color=\u00bboff\u00bb custom_padding=\u00bb|10%||10%|false|false\u00bb custom_padding_tablet=\u00bb|10%||10%|false|false\u00bb custom_padding_phone=\u00bb50px||50px||false|false\u00bb custom_padding_last_edited=\u00bbon|phone\u00bb custom_css_main_element=\u00bbmargin: auto\u00bb global_colors_info=\u00bb{}\u00bb][et_pb_text _builder_version=\u00bb4.25.1&#8243; _module_preset=\u00bbdefault\u00bb header_font=\u00bb|300|||||||\u00bb header_text_color=\u00bb#FFFFFF\u00bb header_font_size=\u00bb48px\u00bb custom_margin=\u00bb||20px||false|false\u00bb global_colors_info=\u00bb{}\u00bb]<\/p>\n<h1>Salsas<\/h1>\n<p>[\/et_pb_text][et_pb_divider color=\u00bb#FFFFFF\u00bb divider_position=\u00bbcenter\u00bb _builder_version=\u00bb4.25.1&#8243; _module_preset=\u00bbdefault\u00bb custom_margin=\u00bb||30px||false|false\u00bb global_colors_info=\u00bb{}\u00bb][\/et_pb_divider][et_pb_text _builder_version=\u00bb4.27.0&#8243; _module_preset=\u00bbdefault\u00bb text_font=\u00bb|300|||||||\u00bb text_text_color=\u00bb#FFFFFF\u00bb global_colors_info=\u00bb{}\u00bb]<\/p>\n<div>\n<div>Las preparamos con esmero utilizando s\u00f3lo ingredientes de alta calidad, sin aromatizantes ni conservantes. F\u00e1ciles y vers\u00e1tiles, se pueden utilizar en infinidad de platos sabrosos y aut\u00e9nticos <\/div>\n<\/div>\n<p>[\/et_pb_text][\/et_pb_column][et_pb_column type=\u00bb1_2&#8243; _builder_version=\u00bb4.25.1&#8243; _module_preset=\u00bbdefault\u00bb background_image=\u00bbhttps:\/\/www.mammaemma.it\/wp-content\/uploads\/2024\/06\/Master_11_22_10010.webp\u00bb custom_padding=\u00bb||||false|false\u00bb custom_padding_tablet=\u00bb||||false|false\u00bb custom_padding_phone=\u00bb||||false|false\u00bb custom_padding_last_edited=\u00bbon|phone\u00bb global_colors_info=\u00bb{}\u00bb][et_pb_divider show_divider=\u00bboff\u00bb _builder_version=\u00bb4.25.1&#8243; _module_preset=\u00bbdefault\u00bb custom_padding_tablet=\u00bb\u00bb custom_padding_phone=\u00bb100px||100px||false|false\u00bb custom_padding_last_edited=\u00bbon|phone\u00bb global_colors_info=\u00bb{}\u00bb][\/et_pb_divider][\/et_pb_column][\/et_pb_row][\/et_pb_section][et_pb_section fb_built=\u00bb1&#8243; custom_padding_last_edited=\u00bbon|phone\u00bb _builder_version=\u00bb4.27.0&#8243; _module_preset=\u00bbdefault\u00bb background_color=\u00bb#f8f3e4&#8243; custom_margin=\u00bb0px||0px||false|false\u00bb custom_padding=\u00bb25px||0px||false|false\u00bb custom_padding_tablet=\u00bb75px||75px||false|false\u00bb custom_padding_phone=\u00bb0px||0px||false|false\u00bb global_module=\u00bb10982&#8243; saved_tabs=\u00bball\u00bb global_colors_info=\u00bb{}\u00bb][et_pb_row make_equal=\u00bbon\u00bb _builder_version=\u00bb4.27.0&#8243; _module_preset=\u00bbdefault\u00bb width=\u00bb90%\u00bb max_width=\u00bb1440px\u00bb module_alignment=\u00bbcenter\u00bb custom_margin=\u00bb0px||0px||false|false\u00bb custom_padding=\u00bb0px||0px||false|false\u00bb global_colors_info=\u00bb{}\u00bb][et_pb_column type=\u00bb4_4&#8243; _builder_version=\u00bb4.27.0&#8243; _module_preset=\u00bbdefault\u00bb global_colors_info=\u00bb{}\u00bb][dsm_card_carousel centered_slides=\u00bbon\u00bb slide_to_show=\u00bb5&#8243; slide_to_scroll=\u00bb2&#8243; speed=\u00bb2000&#8243; dots=\u00bboff\u00bb image_alignment=\u00bbcenter\u00bb _builder_version=\u00bb4.27.0&#8243; _module_preset=\u00bbdefault\u00bb header_text_align=\u00bbcenter\u00bb header_font_size=\u00bb1px\u00bb custom_margin=\u00bb0px||0px||false|false\u00bb custom_padding=\u00bb0px||0px||false|false\u00bb custom_css_free_form=\u00bb.dsm_card_wrapper.et_pb_text_align_left.et_pb_bg_layout_light {|| display: none;||}\u00bb global_colors_info=\u00bb{}\u00bb][dsm_card_carousel_child title=\u00bbPesto alla Genovese sin ajo\u00bb image=\u00bbhttps:\/\/www.mammaemma.it\/wp-content\/uploads\/2024\/09\/Sugo_pesto_genovese_senza_aglio_09_2023_REN0011-1.webp\u00bb image_as_background=\u00bboff\u00bb button_url_new_window=\u00bb1&#8243; _builder_version=\u00bb4.27.0&#8243; _dynamic_attributes=\u00bblink_option_url\u00bb _module_preset=\u00bbdefault\u00bb link_option_url=\u00bb@ET-DC@eyJkeW5hbWljIjp0cnVlLCJjb250ZW50IjoicG9zdF9saW5rX3VybF9wYWdlIiwic2V0dGluZ3MiOnsicG9zdF9pZCI6IjEwOTc4In19@\u00bb global_colors_info=\u00bb{}\u00bb][\/dsm_card_carousel_child][dsm_card_carousel_child title=\u00bbPesto alla Genovese\u00bb image=\u00bbhttps:\/\/www.mammaemma.it\/wp-content\/uploads\/2024\/09\/Sugo_pesto_genovese_09_2023_REN0011-1.webp\u00bb image_as_background=\u00bboff\u00bb badge_url=\u00bb@ET-DC@eyJkeW5hbWljIjp0cnVlLCJjb250ZW50IjoicG9zdF9saW5rX3VybF9wYWdlIiwic2V0dGluZ3MiOnsicG9zdF9pZCI6IjEwOTc4In19@\u00bb button_url_new_window=\u00bb1&#8243; _builder_version=\u00bb4.27.0&#8243; _dynamic_attributes=\u00bbbadge_url,link_option_url\u00bb _module_preset=\u00bbdefault\u00bb link_option_url=\u00bb@ET-DC@eyJkeW5hbWljIjp0cnVlLCJjb250ZW50IjoicG9zdF9saW5rX3VybF9wYWdlIiwic2V0dGluZ3MiOnsicG9zdF9pZCI6IjEwOTkzIn19@\u00bb global_colors_info=\u00bb{}\u00bb][\/dsm_card_carousel_child][dsm_card_carousel_child title=\u00bbSalsa de queso\u00bb image=\u00bbhttps:\/\/www.mammaemma.it\/wp-content\/uploads\/2024\/09\/Sugo_ai_formaggi_09_2023_REN0011.webp\u00bb image_as_background=\u00bboff\u00bb button_url_new_window=\u00bb1&#8243; _builder_version=\u00bb4.27.0&#8243; _dynamic_attributes=\u00bblink_option_url\u00bb _module_preset=\u00bbdefault\u00bb link_option_url=\u00bb@ET-DC@eyJkeW5hbWljIjp0cnVlLCJjb250ZW50IjoicG9zdF9saW5rX3VybF9wYWdlIiwic2V0dGluZ3MiOnsicG9zdF9pZCI6IjEwOTk1In19@\u00bb global_colors_info=\u00bb{}\u00bb][\/dsm_card_carousel_child][dsm_card_carousel_child title=\u00bbSalsa de setas porcini\u00bb image=\u00bbhttps:\/\/www.mammaemma.it\/wp-content\/uploads\/2024\/09\/Sugo_ai_funghi_09_2023_REN0011.webp\u00bb image_as_background=\u00bboff\u00bb button_url_new_window=\u00bb1&#8243; _builder_version=\u00bb4.27.0&#8243; _dynamic_attributes=\u00bblink_option_url\u00bb _module_preset=\u00bbdefault\u00bb link_option_url=\u00bb@ET-DC@eyJkeW5hbWljIjp0cnVlLCJjb250ZW50IjoicG9zdF9saW5rX3VybF9wYWdlIiwic2V0dGluZ3MiOnsicG9zdF9pZCI6IjEwOTk3In19@\u00bb global_colors_info=\u00bb{}\u00bb][\/dsm_card_carousel_child][dsm_card_carousel_child title=\u00bbSalsa amatriciana\u00bb image=\u00bbhttps:\/\/www.mammaemma.it\/wp-content\/uploads\/2024\/09\/Sugo_allamatriciana_02_2024_REN0011.webp\u00bb image_as_background=\u00bboff\u00bb button_url_new_window=\u00bb1&#8243; _builder_version=\u00bb4.27.0&#8243; _dynamic_attributes=\u00bblink_option_url\u00bb _module_preset=\u00bbdefault\u00bb link_option_url=\u00bb@ET-DC@eyJkeW5hbWljIjp0cnVlLCJjb250ZW50IjoicG9zdF9saW5rX3VybF9wYWdlIiwic2V0dGluZ3MiOnsicG9zdF9pZCI6IjExMDAwIn19@\u00bb global_colors_info=\u00bb{}\u00bb][\/dsm_card_carousel_child][dsm_card_carousel_child title=\u00bbSugo all&#039;arrabbiata\u00bb image=\u00bbhttps:\/\/www.mammaemma.it\/wp-content\/uploads\/2024\/09\/Sugo_allarrabbiata_02_2024_REN0011.webp\u00bb image_as_background=\u00bboff\u00bb button_url_new_window=\u00bb1&#8243; _builder_version=\u00bb4.27.0&#8243; _dynamic_attributes=\u00bblink_option_url\u00bb _module_preset=\u00bbdefault\u00bb link_option_url=\u00bb@ET-DC@eyJkeW5hbWljIjp0cnVlLCJjb250ZW50IjoicG9zdF9saW5rX3VybF9wYWdlIiwic2V0dGluZ3MiOnsicG9zdF9pZCI6IjExMDAyIn19@\u00bb global_colors_info=\u00bb{}\u00bb][\/dsm_card_carousel_child][dsm_card_carousel_child title=\u00bbRag\u00fa fresco a la bolo\u00f1esa\u00bb image=\u00bbhttps:\/\/www.mammaemma.it\/wp-content\/uploads\/2024\/09\/Sugo_alla_bolognese_09_2023_REN0011-1.webp\u00bb image_as_background=\u00bboff\u00bb button_url_new_window=\u00bb1&#8243; _builder_version=\u00bb4.27.0&#8243; _dynamic_attributes=\u00bblink_option_url\u00bb _module_preset=\u00bbdefault\u00bb link_option_url=\u00bb@ET-DC@eyJkeW5hbWljIjp0cnVlLCJjb250ZW50IjoicG9zdF9saW5rX3VybF9wYWdlIiwic2V0dGluZ3MiOnsicG9zdF9pZCI6IjExMDA0In19@\u00bb global_colors_info=\u00bb{}\u00bb][\/dsm_card_carousel_child][\/dsm_card_carousel][\/et_pb_column][\/et_pb_row][\/et_pb_section][et_pb_section fb_built=\u00bb1&#8243; _builder_version=\u00bb4.27.0&#8243; _module_preset=\u00bbdefault\u00bb custom_padding=\u00bb20px||20px||false|false\u00bb global_module=\u00bb10984&#8243; saved_tabs=\u00bball\u00bb locked=\u00bboff\u00bb global_colors_info=\u00bb{}\u00bb][et_pb_row column_structure=\u00bb1_2,1_2&#8243; use_custom_gutter=\u00bbon\u00bb gutter_width=\u00bb1&#8243; make_equal=\u00bbon\u00bb _builder_version=\u00bb4.27.0&#8243; _module_preset=\u00bbdefault\u00bb background_enable_color=\u00bboff\u00bb background_size=\u00bbcustom\u00bb background_image_width=\u00bb100%\u00bb background_image_height=\u00bb100%\u00bb width=\u00bb100%\u00bb max_width=\u00bb100%\u00bb custom_margin=\u00bb0px||0px||false|false\u00bb custom_padding=\u00bb0px||0px||false|false\u00bb global_colors_info=\u00bb{}\u00bb][et_pb_column type=\u00bb1_2&#8243; _builder_version=\u00bb4.27.0&#8243; _module_preset=\u00bbdefault\u00bb background_enable_color=\u00bboff\u00bb custom_padding=\u00bb|2%||2%|false|false\u00bb custom_css_main_element=\u00bbmargin: auto\u00bb global_colors_info=\u00bb{}\u00bb][et_pb_image src=\u00bb@ET-DC@eyJkeW5hbWljIjp0cnVlLCJjb250ZW50IjoiY3VzdG9tX21ldGFfcHJvZHVjdF9pbWFnZXNfcGFyYWxsYXhfYmciLCJzZXR0aW5ncyI6eyJiZWZvcmUiOiIiLCJhZnRlciI6IiIsImVuYWJsZV9odG1sIjoib2ZmIn19@\u00bb _builder_version=\u00bb4.27.0&#8243; _dynamic_attributes=\u00bbsrc\u00bb _module_preset=\u00bbdefault\u00bb module_alignment=\u00bbcenter\u00bb global_colors_info=\u00bb{}\u00bb][\/et_pb_image][et_pb_blurb title=\u00bbingredientes\u00bb use_icon=\u00bbon\u00bb font_icon=\u00bb&#x55;||divi||400&#8243; icon_placement=\u00bbleft\u00bb _builder_version=\u00bb4.27.0&#8243; _module_preset=\u00bbdefault\u00bb header_font=\u00bb&#8211;et_global_heading_font|&#8211;et_global_body_font_weight|||||||\u00bb header_text_color=\u00bb#6c4e1f\u00bb header_font_size=\u00bb30px\u00bb text_orientation=\u00bbcenter\u00bb animation=\u00bboff\u00bb global_colors_info=\u00bb{}\u00bb][\/et_pb_blurb][et_pb_divider divider_position=\u00bbcenter\u00bb _builder_version=\u00bb4.27.0&#8243; _module_preset=\u00bbdefault\u00bb width=\u00bb50%\u00bb module_alignment=\u00bbcenter\u00bb custom_margin=\u00bb||20px||false|false\u00bb global_colors_info=\u00bb{}\u00bb][\/et_pb_divider][et_pb_slider show_arrows=\u00bboff\u00bb dot_nav_custom_color=\u00bb#6c4e1f\u00bb _builder_version=\u00bb4.27.0&#8243; _module_preset=\u00bbdefault\u00bb body_font=\u00bb&#8211;et_global_body_font|&#8211;et_global_body_font_weight|||||||\u00bb body_text_color=\u00bb#6c4e1f\u00bb custom_margin=\u00bb0px||||false|false\u00bb custom_padding=\u00bb0px||||false|false\u00bb animation_style=\u00bbfade\u00bb global_colors_info=\u00bb{}\u00bb][et_pb_slide _builder_version=\u00bb4.27.0&#8243; _dynamic_attributes=\u00bbcontent\u00bb _module_preset=\u00bbdefault\u00bb body_font=\u00bb&#8211;et_global_body_font|&#8211;et_global_body_font_weight|||||||\u00bb body_text_color=\u00bb#000000&#8243; background_enable_color=\u00bboff\u00bb body_text_shadow_style=\u00bbpreset1&#8243; body_text_shadow_vertical_length=\u00bb0em\u00bb body_text_shadow_blur_strength=\u00bb0em\u00bb global_colors_info=\u00bb{}\u00bb sticky_transition=\u00bbon\u00bb]@ET-DC@eyJkeW5hbWljIjp0cnVlLCJjb250ZW50IjoiY3VzdG9tX21ldGFfcHJvZHVjdF9jb250ZW50Iiwic2V0dGluZ3MiOnsiYmVmb3JlIjoiIiwiYWZ0ZXIiOiIiLCJlbmFibGVfaHRtbCI6Im9uIn19@[\/et_pb_slide][et_pb_slide _builder_version=\u00bb4.27.0&#8243; _dynamic_attributes=\u00bbcontent\u00bb _module_preset=\u00bbdefault\u00bb body_font=\u00bb&#8211;et_global_body_font|&#8211;et_global_body_font_weight|||||||\u00bb body_text_color=\u00bb#000000&#8243; background_enable_color=\u00bboff\u00bb body_text_shadow_style=\u00bbpreset1&#8243; body_text_shadow_vertical_length=\u00bb0em\u00bb body_text_shadow_blur_strength=\u00bb0em\u00bb global_colors_info=\u00bb{}\u00bb sticky_transition=\u00bbon\u00bb]@ET-DC@eyJkeW5hbWljIjp0cnVlLCJjb250ZW50IjoiY3VzdG9tX21ldGFfcHJvZHVjdF90YWJsZV9lbmVyZ3kiLCJzZXR0aW5ncyI6eyJiZWZvcmUiOiIiLCJhZnRlciI6IiIsImVuYWJsZV9odG1sIjoib24ifX0=@[\/et_pb_slide][\/et_pb_slider][et_pb_code _builder_version=\u00bb4.27.0&#8243; _module_preset=\u00bbdefault\u00bb global_colors_info=\u00bb{}\u00bb][\/et_pb_code][\/et_pb_column][et_pb_column type=\u00bb1_2&#8243; _builder_version=\u00bb4.27.0&#8243; _dynamic_attributes=\u00bbbackground_image\u00bb _module_preset=\u00bbdefault\u00bb background_image=\u00bb@ET-DC@eyJkeW5hbWljIjp0cnVlLCJjb250ZW50IjoiY3VzdG9tX21ldGFfcHJvZHVjdF9pbWFnZXNfbWFpbl9pbWFnZSIsInNldHRpbmdzIjp7ImJlZm9yZSI6IiIsImFmdGVyIjoiIiwiZW5hYmxlX2h0bWwiOiJvZmYifX0=@\u00bb background_size=\u00bbcontain\u00bb custom_padding=\u00bb||||false|false\u00bb global_colors_info=\u00bb{}\u00bb][\/et_pb_column][\/et_pb_row][\/et_pb_section]<\/p>\n","protected":false},"excerpt":{"rendered":"<p>Nuestro rag\u00fa se cocina lentamente y evoca los recuerdos m\u00e1s intensos, los de las bulliciosas mesas de domingo.<\/p>\n","protected":false},"author":4,"featured_media":10916,"parent":11302,"menu_order":0,"comment_status":"closed","ping_status":"closed","template":"page-product.php","meta":{"_acf_changed":false,"_et_pb_use_builder":"off","_et_pb_old_content":"","_et_gb_content_width":"","footnotes":""},"class_list":["post-11348","page","type-page","status-publish","has-post-thumbnail","hentry"],"acf":[],"yoast_head":"<!-- This site is optimized with the Yoast SEO plugin v25.9 - https:\/\/yoast.com\/wordpress\/plugins\/seo\/ -->\n<title>Rag\u00fa fresco a la bolo\u00f1esa - mamma emma<\/title>\n<meta name=\"robots\" content=\"index, follow, max-snippet:-1, max-image-preview:large, max-video-preview:-1\" \/>\n<link rel=\"canonical\" href=\"https:\/\/www.mammaemma.it\/sughi\/ragu-fresco-alla-bolognese\/\" \/>\n<meta property=\"og:locale\" content=\"es_ES\" \/>\n<meta property=\"og:type\" content=\"article\" \/>\n<meta property=\"og:title\" content=\"Rag\u00fa fresco a la bolo\u00f1esa - mamma emma\" \/>\n<meta property=\"og:description\" content=\"Nuestro rag\u00fa se cocina lentamente y evoca los recuerdos m\u00e1s intensos, los de las bulliciosas mesas de domingo.\" \/>\n<meta property=\"og:url\" content=\"https:\/\/www.mammaemma.it\/sughi\/ragu-fresco-alla-bolognese\/\" \/>\n<meta property=\"og:site_name\" content=\"mamma emma\" \/>\n<meta property=\"article:modified_time\" content=\"2024-10-16T23:21:57+00:00\" \/>\n<meta property=\"og:image\" content=\"https:\/\/www.mammaemma.it\/wp-content\/uploads\/2024\/09\/Sugo_alla_bolognese_09_2023_REN0011-1.webp\" \/>\n\t<meta property=\"og:image:width\" content=\"1000\" \/>\n\t<meta property=\"og:image:height\" content=\"1000\" \/>\n\t<meta property=\"og:image:type\" content=\"image\/webp\" \/>\n<meta name=\"twitter:card\" content=\"summary_large_image\" \/>\n<meta name=\"twitter:label1\" content=\"Tiempo de lectura\" \/>\n\t<meta name=\"twitter:data1\" content=\"8 minutos\" \/>\n<script type=\"application\/ld+json\" class=\"yoast-schema-graph\">{\"@context\":\"https:\/\/schema.org\",\"@graph\":[{\"@type\":\"WebPage\",\"@id\":\"https:\/\/www.mammaemma.it\/sughi\/ragu-fresco-alla-bolognese\/\",\"url\":\"https:\/\/www.mammaemma.it\/sughi\/ragu-fresco-alla-bolognese\/\",\"name\":\"Rag\u00fa fresco a la bolo\u00f1esa - mamma emma\",\"isPartOf\":{\"@id\":\"https:\/\/www.mammaemma.it\/#website\"},\"primaryImageOfPage\":{\"@id\":\"https:\/\/www.mammaemma.it\/sughi\/ragu-fresco-alla-bolognese\/#primaryimage\"},\"image\":{\"@id\":\"https:\/\/www.mammaemma.it\/sughi\/ragu-fresco-alla-bolognese\/#primaryimage\"},\"thumbnailUrl\":\"https:\/\/www.mammaemma.it\/wp-content\/uploads\/2024\/09\/Sugo_alla_bolognese_09_2023_REN0011-1.webp\",\"datePublished\":\"2024-09-20T18:55:30+00:00\",\"dateModified\":\"2024-10-16T23:21:57+00:00\",\"breadcrumb\":{\"@id\":\"https:\/\/www.mammaemma.it\/sughi\/ragu-fresco-alla-bolognese\/#breadcrumb\"},\"inLanguage\":\"es\",\"potentialAction\":[{\"@type\":\"ReadAction\",\"target\":[\"https:\/\/www.mammaemma.it\/sughi\/ragu-fresco-alla-bolognese\/\"]}]},{\"@type\":\"ImageObject\",\"inLanguage\":\"es\",\"@id\":\"https:\/\/www.mammaemma.it\/sughi\/ragu-fresco-alla-bolognese\/#primaryimage\",\"url\":\"https:\/\/www.mammaemma.it\/wp-content\/uploads\/2024\/09\/Sugo_alla_bolognese_09_2023_REN0011-1.webp\",\"contentUrl\":\"https:\/\/www.mammaemma.it\/wp-content\/uploads\/2024\/09\/Sugo_alla_bolognese_09_2023_REN0011-1.webp\",\"width\":1000,\"height\":1000},{\"@type\":\"BreadcrumbList\",\"@id\":\"https:\/\/www.mammaemma.it\/sughi\/ragu-fresco-alla-bolognese\/#breadcrumb\",\"itemListElement\":[{\"@type\":\"ListItem\",\"position\":1,\"name\":\"Home\",\"item\":\"https:\/\/www.mammaemma.it\/es\/inicio-mama-emma\/\"},{\"@type\":\"ListItem\",\"position\":2,\"name\":\"Salsas\",\"item\":\"https:\/\/www.mammaemma.it\/sughi\/\"},{\"@type\":\"ListItem\",\"position\":3,\"name\":\"Rag\u00fa fresco a la bolo\u00f1esa\"}]},{\"@type\":\"WebSite\",\"@id\":\"https:\/\/www.mammaemma.it\/#website\",\"url\":\"https:\/\/www.mammaemma.it\/\",\"name\":\"mamma emma\",\"description\":\"Cerchi ricette con gnocchi? Scopri sul nostro sito tante fantastiche idee facili e veloci per preparare degli gnocchi di patate speciali. Visita il sito!\",\"potentialAction\":[{\"@type\":\"SearchAction\",\"target\":{\"@type\":\"EntryPoint\",\"urlTemplate\":\"https:\/\/www.mammaemma.it\/?s={search_term_string}\"},\"query-input\":{\"@type\":\"PropertyValueSpecification\",\"valueRequired\":true,\"valueName\":\"search_term_string\"}}],\"inLanguage\":\"es\"}]}<\/script>\n<!-- \/ Yoast SEO plugin. -->","yoast_head_json":{"title":"Rag\u00fa fresco a la bolo\u00f1esa - mamma emma","robots":{"index":"index","follow":"follow","max-snippet":"max-snippet:-1","max-image-preview":"max-image-preview:large","max-video-preview":"max-video-preview:-1"},"canonical":"https:\/\/www.mammaemma.it\/sughi\/ragu-fresco-alla-bolognese\/","og_locale":"es_ES","og_type":"article","og_title":"Rag\u00fa fresco a la bolo\u00f1esa - mamma emma","og_description":"Nuestro rag\u00fa se cocina lentamente y evoca los recuerdos m\u00e1s intensos, los de las bulliciosas mesas de domingo.","og_url":"https:\/\/www.mammaemma.it\/sughi\/ragu-fresco-alla-bolognese\/","og_site_name":"mamma emma","article_modified_time":"2024-10-16T23:21:57+00:00","og_image":[{"width":1000,"height":1000,"url":"https:\/\/www.mammaemma.it\/wp-content\/uploads\/2024\/09\/Sugo_alla_bolognese_09_2023_REN0011-1.webp","type":"image\/webp"}],"twitter_card":"summary_large_image","twitter_misc":{"Tiempo de lectura":"8 minutos"},"schema":{"@context":"https:\/\/schema.org","@graph":[{"@type":"WebPage","@id":"https:\/\/www.mammaemma.it\/sughi\/ragu-fresco-alla-bolognese\/","url":"https:\/\/www.mammaemma.it\/sughi\/ragu-fresco-alla-bolognese\/","name":"Rag\u00fa fresco a la bolo\u00f1esa - mamma emma","isPartOf":{"@id":"https:\/\/www.mammaemma.it\/#website"},"primaryImageOfPage":{"@id":"https:\/\/www.mammaemma.it\/sughi\/ragu-fresco-alla-bolognese\/#primaryimage"},"image":{"@id":"https:\/\/www.mammaemma.it\/sughi\/ragu-fresco-alla-bolognese\/#primaryimage"},"thumbnailUrl":"https:\/\/www.mammaemma.it\/wp-content\/uploads\/2024\/09\/Sugo_alla_bolognese_09_2023_REN0011-1.webp","datePublished":"2024-09-20T18:55:30+00:00","dateModified":"2024-10-16T23:21:57+00:00","breadcrumb":{"@id":"https:\/\/www.mammaemma.it\/sughi\/ragu-fresco-alla-bolognese\/#breadcrumb"},"inLanguage":"es","potentialAction":[{"@type":"ReadAction","target":["https:\/\/www.mammaemma.it\/sughi\/ragu-fresco-alla-bolognese\/"]}]},{"@type":"ImageObject","inLanguage":"es","@id":"https:\/\/www.mammaemma.it\/sughi\/ragu-fresco-alla-bolognese\/#primaryimage","url":"https:\/\/www.mammaemma.it\/wp-content\/uploads\/2024\/09\/Sugo_alla_bolognese_09_2023_REN0011-1.webp","contentUrl":"https:\/\/www.mammaemma.it\/wp-content\/uploads\/2024\/09\/Sugo_alla_bolognese_09_2023_REN0011-1.webp","width":1000,"height":1000},{"@type":"BreadcrumbList","@id":"https:\/\/www.mammaemma.it\/sughi\/ragu-fresco-alla-bolognese\/#breadcrumb","itemListElement":[{"@type":"ListItem","position":1,"name":"Home","item":"https:\/\/www.mammaemma.it\/es\/inicio-mama-emma\/"},{"@type":"ListItem","position":2,"name":"Salsas","item":"https:\/\/www.mammaemma.it\/sughi\/"},{"@type":"ListItem","position":3,"name":"Rag\u00fa fresco a la bolo\u00f1esa"}]},{"@type":"WebSite","@id":"https:\/\/www.mammaemma.it\/#website","url":"https:\/\/www.mammaemma.it\/","name":"mamma emma","description":"Cerchi ricette con gnocchi? Scopri sul nostro sito tante fantastiche idee facili e veloci per preparare degli gnocchi di patate speciali. Visita il sito!","potentialAction":[{"@type":"SearchAction","target":{"@type":"EntryPoint","urlTemplate":"https:\/\/www.mammaemma.it\/?s={search_term_string}"},"query-input":{"@type":"PropertyValueSpecification","valueRequired":true,"valueName":"search_term_string"}}],"inLanguage":"es"}]}},"_links":{"self":[{"href":"https:\/\/www.mammaemma.it\/es\/wp-json\/wp\/v2\/pages\/11348","targetHints":{"allow":["GET"]}}],"collection":[{"href":"https:\/\/www.mammaemma.it\/es\/wp-json\/wp\/v2\/pages"}],"about":[{"href":"https:\/\/www.mammaemma.it\/es\/wp-json\/wp\/v2\/types\/page"}],"author":[{"embeddable":true,"href":"https:\/\/www.mammaemma.it\/es\/wp-json\/wp\/v2\/users\/4"}],"replies":[{"embeddable":true,"href":"https:\/\/www.mammaemma.it\/es\/wp-json\/wp\/v2\/comments?post=11348"}],"version-history":[{"count":0,"href":"https:\/\/www.mammaemma.it\/es\/wp-json\/wp\/v2\/pages\/11348\/revisions"}],"up":[{"embeddable":true,"href":"https:\/\/www.mammaemma.it\/es\/wp-json\/wp\/v2\/pages\/11302"}],"wp:featuredmedia":[{"embeddable":true,"href":"https:\/\/www.mammaemma.it\/es\/wp-json\/wp\/v2\/media\/10916"}],"wp:attachment":[{"href":"https:\/\/www.mammaemma.it\/es\/wp-json\/wp\/v2\/media?parent=11348"}],"curies":[{"name":"wp","href":"https:\/\/api.w.org\/{rel}","templated":true}]}}