{"id":11414,"date":"2024-09-26T15:25:48","date_gmt":"2024-09-26T13:25:48","guid":{"rendered":"https:\/\/www.mammaemma.it\/platos-preparados\/mixami-noquis-con-salsa-de-tomate-y-albahaca\/"},"modified":"2024-10-18T16:50:28","modified_gmt":"2024-10-18T14:50:28","slug":"mixami-gnocchi-con-salsa-de-tomate-y-albahaca","status":"publish","type":"page","link":"https:\/\/www.mammaemma.it\/es\/platos-preparados\/mixami-gnocchi-con-salsa-de-tomate-y-albahaca\/","title":{"rendered":"Gnocchi con salsa de tomate y albahaca"},"content":{"rendered":"","protected":false},"excerpt":{"rendered":"<p>La salsa de tomate, como la que prob\u00e1bamos directamente de la sart\u00e9n cuando la preparaba la abuela, junto con los Gnocchi al vapor te conquistar\u00e1n al primer bocado.<\/p>\n","protected":false},"author":4,"featured_media":11370,"parent":11365,"menu_order":0,"comment_status":"closed","ping_status":"closed","template":"page-product.php","meta":{"_acf_changed":false,"_et_pb_use_builder":"off","_et_pb_old_content":"","_et_gb_content_width":"","footnotes":""},"class_list":["post-11414","page","type-page","status-publish","has-post-thumbnail","hentry"],"acf":[],"yoast_head":"<!-- This site is optimized with the Yoast SEO plugin v25.9 - https:\/\/yoast.com\/wordpress\/plugins\/seo\/ -->\n<title>Gnocchi con salsa de tomate y albahaca - mamma emma<\/title>\n<meta name=\"robots\" content=\"index, follow, max-snippet:-1, max-image-preview:large, max-video-preview:-1\" \/>\n<link rel=\"canonical\" href=\"https:\/\/www.mammaemma.it\/piatti-pronti\/mixami-gnocchi-con-sugo-al-pomodoro-e-basilico\/\" \/>\n<meta property=\"og:locale\" content=\"es_ES\" \/>\n<meta property=\"og:type\" content=\"article\" \/>\n<meta property=\"og:title\" content=\"Gnocchi con salsa de tomate y albahaca - mamma emma\" \/>\n<meta property=\"og:description\" content=\"La salsa de tomate, como la que prob\u00e1bamos directamente de la sart\u00e9n cuando la preparaba la abuela, junto con los Gnocchi al vapor te conquistar\u00e1n al primer bocado.\" \/>\n<meta property=\"og:url\" content=\"https:\/\/www.mammaemma.it\/piatti-pronti\/mixami-gnocchi-con-sugo-al-pomodoro-e-basilico\/\" \/>\n<meta property=\"og:site_name\" content=\"mamma emma\" \/>\n<meta property=\"article:modified_time\" content=\"2024-10-18T14:50:28+00:00\" \/>\n<meta property=\"og:image\" content=\"https:\/\/www.mammaemma.it\/wp-content\/uploads\/2024\/10\/mamma_emma_mixami_gnocchi_al_pomodoro_e_basilico_04_2024_REN0011.webp\" \/>\n\t<meta property=\"og:image:width\" content=\"1000\" \/>\n\t<meta property=\"og:image:height\" content=\"1000\" \/>\n\t<meta property=\"og:image:type\" content=\"image\/webp\" \/>\n<meta name=\"twitter:card\" content=\"summary_large_image\" \/>\n<meta name=\"twitter:label1\" content=\"Tiempo de lectura\" \/>\n\t<meta name=\"twitter:data1\" content=\"1 minuto\" \/>\n<script type=\"application\/ld+json\" class=\"yoast-schema-graph\">{\"@context\":\"https:\/\/schema.org\",\"@graph\":[{\"@type\":\"WebPage\",\"@id\":\"https:\/\/www.mammaemma.it\/piatti-pronti\/mixami-gnocchi-con-sugo-al-pomodoro-e-basilico\/\",\"url\":\"https:\/\/www.mammaemma.it\/piatti-pronti\/mixami-gnocchi-con-sugo-al-pomodoro-e-basilico\/\",\"name\":\"Gnocchi con salsa de tomate y albahaca - mamma emma\",\"isPartOf\":{\"@id\":\"https:\/\/www.mammaemma.it\/#website\"},\"primaryImageOfPage\":{\"@id\":\"https:\/\/www.mammaemma.it\/piatti-pronti\/mixami-gnocchi-con-sugo-al-pomodoro-e-basilico\/#primaryimage\"},\"image\":{\"@id\":\"https:\/\/www.mammaemma.it\/piatti-pronti\/mixami-gnocchi-con-sugo-al-pomodoro-e-basilico\/#primaryimage\"},\"thumbnailUrl\":\"https:\/\/www.mammaemma.it\/wp-content\/uploads\/2024\/10\/mamma_emma_mixami_gnocchi_al_pomodoro_e_basilico_04_2024_REN0011.webp\",\"datePublished\":\"2024-09-26T13:25:48+00:00\",\"dateModified\":\"2024-10-18T14:50:28+00:00\",\"breadcrumb\":{\"@id\":\"https:\/\/www.mammaemma.it\/piatti-pronti\/mixami-gnocchi-con-sugo-al-pomodoro-e-basilico\/#breadcrumb\"},\"inLanguage\":\"es\",\"potentialAction\":[{\"@type\":\"ReadAction\",\"target\":[\"https:\/\/www.mammaemma.it\/piatti-pronti\/mixami-gnocchi-con-sugo-al-pomodoro-e-basilico\/\"]}]},{\"@type\":\"ImageObject\",\"inLanguage\":\"es\",\"@id\":\"https:\/\/www.mammaemma.it\/piatti-pronti\/mixami-gnocchi-con-sugo-al-pomodoro-e-basilico\/#primaryimage\",\"url\":\"https:\/\/www.mammaemma.it\/wp-content\/uploads\/2024\/10\/mamma_emma_mixami_gnocchi_al_pomodoro_e_basilico_04_2024_REN0011.webp\",\"contentUrl\":\"https:\/\/www.mammaemma.it\/wp-content\/uploads\/2024\/10\/mamma_emma_mixami_gnocchi_al_pomodoro_e_basilico_04_2024_REN0011.webp\",\"width\":1000,\"height\":1000},{\"@type\":\"BreadcrumbList\",\"@id\":\"https:\/\/www.mammaemma.it\/piatti-pronti\/mixami-gnocchi-con-sugo-al-pomodoro-e-basilico\/#breadcrumb\",\"itemListElement\":[{\"@type\":\"ListItem\",\"position\":1,\"name\":\"Home\",\"item\":\"https:\/\/www.mammaemma.it\/es\/inicio-mama-emma\/\"},{\"@type\":\"ListItem\",\"position\":2,\"name\":\"Platos preparados\",\"item\":\"https:\/\/www.mammaemma.it\/piatti-pronti\/\"},{\"@type\":\"ListItem\",\"position\":3,\"name\":\"Gnocchi con salsa de tomate y albahaca\"}]},{\"@type\":\"WebSite\",\"@id\":\"https:\/\/www.mammaemma.it\/#website\",\"url\":\"https:\/\/www.mammaemma.it\/\",\"name\":\"mamma emma\",\"description\":\"Cerchi ricette con gnocchi? Scopri sul nostro sito tante fantastiche idee facili e veloci per preparare degli gnocchi di patate speciali. Visita il sito!\",\"potentialAction\":[{\"@type\":\"SearchAction\",\"target\":{\"@type\":\"EntryPoint\",\"urlTemplate\":\"https:\/\/www.mammaemma.it\/?s={search_term_string}\"},\"query-input\":{\"@type\":\"PropertyValueSpecification\",\"valueRequired\":true,\"valueName\":\"search_term_string\"}}],\"inLanguage\":\"es\"}]}<\/script>\n<!-- \/ Yoast SEO plugin. -->","yoast_head_json":{"title":"Gnocchi con salsa de tomate y albahaca - mamma emma","robots":{"index":"index","follow":"follow","max-snippet":"max-snippet:-1","max-image-preview":"max-image-preview:large","max-video-preview":"max-video-preview:-1"},"canonical":"https:\/\/www.mammaemma.it\/piatti-pronti\/mixami-gnocchi-con-sugo-al-pomodoro-e-basilico\/","og_locale":"es_ES","og_type":"article","og_title":"Gnocchi con salsa de tomate y albahaca - mamma emma","og_description":"La salsa de tomate, como la que prob\u00e1bamos directamente de la sart\u00e9n cuando la preparaba la abuela, junto con los Gnocchi al vapor te conquistar\u00e1n al primer bocado.","og_url":"https:\/\/www.mammaemma.it\/piatti-pronti\/mixami-gnocchi-con-sugo-al-pomodoro-e-basilico\/","og_site_name":"mamma emma","article_modified_time":"2024-10-18T14:50:28+00:00","og_image":[{"width":1000,"height":1000,"url":"https:\/\/www.mammaemma.it\/wp-content\/uploads\/2024\/10\/mamma_emma_mixami_gnocchi_al_pomodoro_e_basilico_04_2024_REN0011.webp","type":"image\/webp"}],"twitter_card":"summary_large_image","twitter_misc":{"Tiempo de lectura":"1 minuto"},"schema":{"@context":"https:\/\/schema.org","@graph":[{"@type":"WebPage","@id":"https:\/\/www.mammaemma.it\/piatti-pronti\/mixami-gnocchi-con-sugo-al-pomodoro-e-basilico\/","url":"https:\/\/www.mammaemma.it\/piatti-pronti\/mixami-gnocchi-con-sugo-al-pomodoro-e-basilico\/","name":"Gnocchi con salsa de tomate y albahaca - mamma emma","isPartOf":{"@id":"https:\/\/www.mammaemma.it\/#website"},"primaryImageOfPage":{"@id":"https:\/\/www.mammaemma.it\/piatti-pronti\/mixami-gnocchi-con-sugo-al-pomodoro-e-basilico\/#primaryimage"},"image":{"@id":"https:\/\/www.mammaemma.it\/piatti-pronti\/mixami-gnocchi-con-sugo-al-pomodoro-e-basilico\/#primaryimage"},"thumbnailUrl":"https:\/\/www.mammaemma.it\/wp-content\/uploads\/2024\/10\/mamma_emma_mixami_gnocchi_al_pomodoro_e_basilico_04_2024_REN0011.webp","datePublished":"2024-09-26T13:25:48+00:00","dateModified":"2024-10-18T14:50:28+00:00","breadcrumb":{"@id":"https:\/\/www.mammaemma.it\/piatti-pronti\/mixami-gnocchi-con-sugo-al-pomodoro-e-basilico\/#breadcrumb"},"inLanguage":"es","potentialAction":[{"@type":"ReadAction","target":["https:\/\/www.mammaemma.it\/piatti-pronti\/mixami-gnocchi-con-sugo-al-pomodoro-e-basilico\/"]}]},{"@type":"ImageObject","inLanguage":"es","@id":"https:\/\/www.mammaemma.it\/piatti-pronti\/mixami-gnocchi-con-sugo-al-pomodoro-e-basilico\/#primaryimage","url":"https:\/\/www.mammaemma.it\/wp-content\/uploads\/2024\/10\/mamma_emma_mixami_gnocchi_al_pomodoro_e_basilico_04_2024_REN0011.webp","contentUrl":"https:\/\/www.mammaemma.it\/wp-content\/uploads\/2024\/10\/mamma_emma_mixami_gnocchi_al_pomodoro_e_basilico_04_2024_REN0011.webp","width":1000,"height":1000},{"@type":"BreadcrumbList","@id":"https:\/\/www.mammaemma.it\/piatti-pronti\/mixami-gnocchi-con-sugo-al-pomodoro-e-basilico\/#breadcrumb","itemListElement":[{"@type":"ListItem","position":1,"name":"Home","item":"https:\/\/www.mammaemma.it\/es\/inicio-mama-emma\/"},{"@type":"ListItem","position":2,"name":"Platos preparados","item":"https:\/\/www.mammaemma.it\/piatti-pronti\/"},{"@type":"ListItem","position":3,"name":"Gnocchi con salsa de tomate y albahaca"}]},{"@type":"WebSite","@id":"https:\/\/www.mammaemma.it\/#website","url":"https:\/\/www.mammaemma.it\/","name":"mamma emma","description":"Cerchi ricette con gnocchi? Scopri sul nostro sito tante fantastiche idee facili e veloci per preparare degli gnocchi di patate speciali. Visita il sito!","potentialAction":[{"@type":"SearchAction","target":{"@type":"EntryPoint","urlTemplate":"https:\/\/www.mammaemma.it\/?s={search_term_string}"},"query-input":{"@type":"PropertyValueSpecification","valueRequired":true,"valueName":"search_term_string"}}],"inLanguage":"es"}]}},"_links":{"self":[{"href":"https:\/\/www.mammaemma.it\/es\/wp-json\/wp\/v2\/pages\/11414","targetHints":{"allow":["GET"]}}],"collection":[{"href":"https:\/\/www.mammaemma.it\/es\/wp-json\/wp\/v2\/pages"}],"about":[{"href":"https:\/\/www.mammaemma.it\/es\/wp-json\/wp\/v2\/types\/page"}],"author":[{"embeddable":true,"href":"https:\/\/www.mammaemma.it\/es\/wp-json\/wp\/v2\/users\/4"}],"replies":[{"embeddable":true,"href":"https:\/\/www.mammaemma.it\/es\/wp-json\/wp\/v2\/comments?post=11414"}],"version-history":[{"count":0,"href":"https:\/\/www.mammaemma.it\/es\/wp-json\/wp\/v2\/pages\/11414\/revisions"}],"up":[{"embeddable":true,"href":"https:\/\/www.mammaemma.it\/es\/wp-json\/wp\/v2\/pages\/11365"}],"wp:featuredmedia":[{"embeddable":true,"href":"https:\/\/www.mammaemma.it\/es\/wp-json\/wp\/v2\/media\/11370"}],"wp:attachment":[{"href":"https:\/\/www.mammaemma.it\/es\/wp-json\/wp\/v2\/media?parent=11414"}],"curies":[{"name":"wp","href":"https:\/\/api.w.org\/{rel}","templated":true}]}}