{"id":6719,"date":"2020-07-08T15:21:05","date_gmt":"2020-07-08T13:21:05","guid":{"rendered":"https:\/\/www.mammaemma.it\/gnocchi-de-papas-con-zapallo\/"},"modified":"2024-10-17T00:21:12","modified_gmt":"2024-10-16T22:21:12","slug":"gnocchi-de-papas-con-zapallo","status":"publish","type":"page","link":"https:\/\/www.mammaemma.it\/es\/gnocchi-de-papas\/gnocchi-de-papas-con-zapallo\/","title":{"rendered":"Gnocchi de papas con zapallo"},"content":{"rendered":"<p>[et_pb_section admin_label=\u00bbsection\u00bb]<br \/>\n\t\t\t[et_pb_row admin_label=\u00bbrow\u00bb]<br \/>\n\t\t\t\t[et_pb_column type=\u00bb4_4&#8243;][et_pb_text admin_label=\u00bbText\u00bb]<\/p>\n<p>&#13;<\/p>\n<p><strong>Un gran y delicioso cl\u00e1sico todo da gustar<\/strong><\/p>\n<p>&#13;<br \/>\n&#13;<\/p>\n<p>Los suaves y sabrosos gnocchi de papas con zapallo de mamma emma est\u00e1n entre los m\u00e1s queridos. La elecci\u00f3n de enriquecer la pasta de los gnocchi con zapallo no s\u00f3lo est\u00e1 dictada por el dulce y delicado sabor de este maravilloso ingrediente, sino tambi\u00e9n por sus extraordinarias propiedades nutricionales y curativas.<\/p>\n<p>&#13;<\/p>\n<p>[\/et_pb_text][\/et_pb_column] [\/et_pb_row] [\/et_pb_section]<\/p>\n","protected":false},"excerpt":{"rendered":"<p>Hechos con papas frescas cocinadas al vapor<\/p>\n","protected":false},"author":1,"featured_media":6724,"parent":11283,"menu_order":2,"comment_status":"closed","ping_status":"closed","template":"page-product.php","meta":{"_acf_changed":false,"_et_pb_use_builder":"on","_et_pb_old_content":"","_et_gb_content_width":"","footnotes":""},"class_list":["post-6719","page","type-page","status-publish","has-post-thumbnail","hentry"],"acf":[],"yoast_head":"<!-- This site is optimized with the Yoast SEO plugin v25.9 - https:\/\/yoast.com\/wordpress\/plugins\/seo\/ -->\n<title>Gnocchi de papas con zapallo - mamma emma<\/title>\n<meta name=\"description\" content=\"Prova i nostri gnocchi di patate con zucca, Il gusto dolce e delicato della zucca arricchisce gli gnocchi di patate con farina Mamma Emma.\" \/>\n<meta name=\"robots\" content=\"index, follow, max-snippet:-1, max-image-preview:large, max-video-preview:-1\" \/>\n<link rel=\"canonical\" href=\"https:\/\/www.mammaemma.it\/es\/gnocchi-de-papas\/gnocchi-de-papas-con-zapallo\/\" \/>\n<meta property=\"og:locale\" content=\"es_ES\" \/>\n<meta property=\"og:type\" content=\"article\" \/>\n<meta property=\"og:title\" content=\"Gnocchi de papas con zapallo - mamma emma\" \/>\n<meta property=\"og:description\" content=\"Prova i nostri gnocchi di patate con zucca, Il gusto dolce e delicato della zucca arricchisce gli gnocchi di patate con farina Mamma Emma.\" \/>\n<meta property=\"og:url\" content=\"https:\/\/www.mammaemma.it\/es\/gnocchi-de-papas\/gnocchi-de-papas-con-zapallo\/\" \/>\n<meta property=\"og:site_name\" content=\"mamma emma\" \/>\n<meta property=\"article:modified_time\" content=\"2024-10-16T22:21:12+00:00\" \/>\n<meta property=\"og:image\" content=\"https:\/\/www.mammaemma.it\/wp-content\/uploads\/2019\/10\/gnoggi-con-zucca.jpg\" \/>\n\t<meta property=\"og:image:width\" content=\"1333\" \/>\n\t<meta property=\"og:image:height\" content=\"1500\" \/>\n\t<meta property=\"og:image:type\" content=\"image\/jpeg\" \/>\n<meta name=\"twitter:card\" content=\"summary_large_image\" \/>\n<script type=\"application\/ld+json\" class=\"yoast-schema-graph\">{\"@context\":\"https:\/\/schema.org\",\"@graph\":[{\"@type\":\"WebPage\",\"@id\":\"https:\/\/www.mammaemma.it\/es\/gnocchi-de-papas\/gnocchi-de-papas-con-zapallo\/\",\"url\":\"https:\/\/www.mammaemma.it\/es\/gnocchi-de-papas\/gnocchi-de-papas-con-zapallo\/\",\"name\":\"Gnocchi de papas con zapallo - mamma emma\",\"isPartOf\":{\"@id\":\"https:\/\/www.mammaemma.it\/#website\"},\"primaryImageOfPage\":{\"@id\":\"https:\/\/www.mammaemma.it\/es\/gnocchi-de-papas\/gnocchi-de-papas-con-zapallo\/#primaryimage\"},\"image\":{\"@id\":\"https:\/\/www.mammaemma.it\/es\/gnocchi-de-papas\/gnocchi-de-papas-con-zapallo\/#primaryimage\"},\"thumbnailUrl\":\"https:\/\/www.mammaemma.it\/wp-content\/uploads\/2019\/10\/gnoggi-con-zucca.jpg\",\"datePublished\":\"2020-07-08T13:21:05+00:00\",\"dateModified\":\"2024-10-16T22:21:12+00:00\",\"description\":\"Prova i nostri gnocchi di patate con zucca, Il gusto dolce e delicato della zucca arricchisce gli gnocchi di patate con farina Mamma Emma.\",\"breadcrumb\":{\"@id\":\"https:\/\/www.mammaemma.it\/es\/gnocchi-de-papas\/gnocchi-de-papas-con-zapallo\/#breadcrumb\"},\"inLanguage\":\"es\",\"potentialAction\":[{\"@type\":\"ReadAction\",\"target\":[\"https:\/\/www.mammaemma.it\/es\/gnocchi-de-papas\/gnocchi-de-papas-con-zapallo\/\"]}]},{\"@type\":\"ImageObject\",\"inLanguage\":\"es\",\"@id\":\"https:\/\/www.mammaemma.it\/es\/gnocchi-de-papas\/gnocchi-de-papas-con-zapallo\/#primaryimage\",\"url\":\"https:\/\/www.mammaemma.it\/wp-content\/uploads\/2019\/10\/gnoggi-con-zucca.jpg\",\"contentUrl\":\"https:\/\/www.mammaemma.it\/wp-content\/uploads\/2019\/10\/gnoggi-con-zucca.jpg\",\"width\":1333,\"height\":1500,\"caption\":\"Gnocchi con zapallo\"},{\"@type\":\"BreadcrumbList\",\"@id\":\"https:\/\/www.mammaemma.it\/es\/gnocchi-de-papas\/gnocchi-de-papas-con-zapallo\/#breadcrumb\",\"itemListElement\":[{\"@type\":\"ListItem\",\"position\":1,\"name\":\"Home\",\"item\":\"https:\/\/www.mammaemma.it\/es\/inicio-mama-emma\/\"},{\"@type\":\"ListItem\",\"position\":2,\"name\":\"Gnocchi de papas\",\"item\":\"https:\/\/www.mammaemma.it\/es\/gnocchi-de-papas\/\"},{\"@type\":\"ListItem\",\"position\":3,\"name\":\"Gnocchi de papas con zapallo\"}]},{\"@type\":\"WebSite\",\"@id\":\"https:\/\/www.mammaemma.it\/#website\",\"url\":\"https:\/\/www.mammaemma.it\/\",\"name\":\"mamma emma\",\"description\":\"Cerchi ricette con gnocchi? Scopri sul nostro sito tante fantastiche idee facili e veloci per preparare degli gnocchi di patate speciali. Visita il sito!\",\"potentialAction\":[{\"@type\":\"SearchAction\",\"target\":{\"@type\":\"EntryPoint\",\"urlTemplate\":\"https:\/\/www.mammaemma.it\/?s={search_term_string}\"},\"query-input\":{\"@type\":\"PropertyValueSpecification\",\"valueRequired\":true,\"valueName\":\"search_term_string\"}}],\"inLanguage\":\"es\"}]}<\/script>\n<!-- \/ Yoast SEO plugin. -->","yoast_head_json":{"title":"Gnocchi de papas con zapallo - mamma emma","description":"Prova i nostri gnocchi di patate con zucca, Il gusto dolce e delicato della zucca arricchisce gli gnocchi di patate con farina Mamma Emma.","robots":{"index":"index","follow":"follow","max-snippet":"max-snippet:-1","max-image-preview":"max-image-preview:large","max-video-preview":"max-video-preview:-1"},"canonical":"https:\/\/www.mammaemma.it\/es\/gnocchi-de-papas\/gnocchi-de-papas-con-zapallo\/","og_locale":"es_ES","og_type":"article","og_title":"Gnocchi de papas con zapallo - mamma emma","og_description":"Prova i nostri gnocchi di patate con zucca, Il gusto dolce e delicato della zucca arricchisce gli gnocchi di patate con farina Mamma Emma.","og_url":"https:\/\/www.mammaemma.it\/es\/gnocchi-de-papas\/gnocchi-de-papas-con-zapallo\/","og_site_name":"mamma emma","article_modified_time":"2024-10-16T22:21:12+00:00","og_image":[{"width":1333,"height":1500,"url":"https:\/\/www.mammaemma.it\/wp-content\/uploads\/2019\/10\/gnoggi-con-zucca.jpg","type":"image\/jpeg"}],"twitter_card":"summary_large_image","schema":{"@context":"https:\/\/schema.org","@graph":[{"@type":"WebPage","@id":"https:\/\/www.mammaemma.it\/es\/gnocchi-de-papas\/gnocchi-de-papas-con-zapallo\/","url":"https:\/\/www.mammaemma.it\/es\/gnocchi-de-papas\/gnocchi-de-papas-con-zapallo\/","name":"Gnocchi de papas con zapallo - mamma emma","isPartOf":{"@id":"https:\/\/www.mammaemma.it\/#website"},"primaryImageOfPage":{"@id":"https:\/\/www.mammaemma.it\/es\/gnocchi-de-papas\/gnocchi-de-papas-con-zapallo\/#primaryimage"},"image":{"@id":"https:\/\/www.mammaemma.it\/es\/gnocchi-de-papas\/gnocchi-de-papas-con-zapallo\/#primaryimage"},"thumbnailUrl":"https:\/\/www.mammaemma.it\/wp-content\/uploads\/2019\/10\/gnoggi-con-zucca.jpg","datePublished":"2020-07-08T13:21:05+00:00","dateModified":"2024-10-16T22:21:12+00:00","description":"Prova i nostri gnocchi di patate con zucca, Il gusto dolce e delicato della zucca arricchisce gli gnocchi di patate con farina Mamma Emma.","breadcrumb":{"@id":"https:\/\/www.mammaemma.it\/es\/gnocchi-de-papas\/gnocchi-de-papas-con-zapallo\/#breadcrumb"},"inLanguage":"es","potentialAction":[{"@type":"ReadAction","target":["https:\/\/www.mammaemma.it\/es\/gnocchi-de-papas\/gnocchi-de-papas-con-zapallo\/"]}]},{"@type":"ImageObject","inLanguage":"es","@id":"https:\/\/www.mammaemma.it\/es\/gnocchi-de-papas\/gnocchi-de-papas-con-zapallo\/#primaryimage","url":"https:\/\/www.mammaemma.it\/wp-content\/uploads\/2019\/10\/gnoggi-con-zucca.jpg","contentUrl":"https:\/\/www.mammaemma.it\/wp-content\/uploads\/2019\/10\/gnoggi-con-zucca.jpg","width":1333,"height":1500,"caption":"Gnocchi con zapallo"},{"@type":"BreadcrumbList","@id":"https:\/\/www.mammaemma.it\/es\/gnocchi-de-papas\/gnocchi-de-papas-con-zapallo\/#breadcrumb","itemListElement":[{"@type":"ListItem","position":1,"name":"Home","item":"https:\/\/www.mammaemma.it\/es\/inicio-mama-emma\/"},{"@type":"ListItem","position":2,"name":"Gnocchi de papas","item":"https:\/\/www.mammaemma.it\/es\/gnocchi-de-papas\/"},{"@type":"ListItem","position":3,"name":"Gnocchi de papas con zapallo"}]},{"@type":"WebSite","@id":"https:\/\/www.mammaemma.it\/#website","url":"https:\/\/www.mammaemma.it\/","name":"mamma emma","description":"Cerchi ricette con gnocchi? Scopri sul nostro sito tante fantastiche idee facili e veloci per preparare degli gnocchi di patate speciali. Visita il sito!","potentialAction":[{"@type":"SearchAction","target":{"@type":"EntryPoint","urlTemplate":"https:\/\/www.mammaemma.it\/?s={search_term_string}"},"query-input":{"@type":"PropertyValueSpecification","valueRequired":true,"valueName":"search_term_string"}}],"inLanguage":"es"}]}},"_links":{"self":[{"href":"https:\/\/www.mammaemma.it\/es\/wp-json\/wp\/v2\/pages\/6719","targetHints":{"allow":["GET"]}}],"collection":[{"href":"https:\/\/www.mammaemma.it\/es\/wp-json\/wp\/v2\/pages"}],"about":[{"href":"https:\/\/www.mammaemma.it\/es\/wp-json\/wp\/v2\/types\/page"}],"author":[{"embeddable":true,"href":"https:\/\/www.mammaemma.it\/es\/wp-json\/wp\/v2\/users\/1"}],"replies":[{"embeddable":true,"href":"https:\/\/www.mammaemma.it\/es\/wp-json\/wp\/v2\/comments?post=6719"}],"version-history":[{"count":0,"href":"https:\/\/www.mammaemma.it\/es\/wp-json\/wp\/v2\/pages\/6719\/revisions"}],"up":[{"embeddable":true,"href":"https:\/\/www.mammaemma.it\/es\/wp-json\/wp\/v2\/pages\/11283"}],"wp:featuredmedia":[{"embeddable":true,"href":"https:\/\/www.mammaemma.it\/es\/wp-json\/wp\/v2\/media\/6724"}],"wp:attachment":[{"href":"https:\/\/www.mammaemma.it\/es\/wp-json\/wp\/v2\/media?parent=6719"}],"curies":[{"name":"wp","href":"https:\/\/api.w.org\/{rel}","templated":true}]}}