{"id":6737,"date":"2019-10-31T16:45:48","date_gmt":"2019-10-31T15:45:48","guid":{"rendered":"https:\/\/www.mammaemma.it\/gnocchi-con-queso-ricotta-y-espinaca\/"},"modified":"2024-10-17T01:25:18","modified_gmt":"2024-10-16T23:25:18","slug":"gnocchi-con-queso-ricotta-y-espinaca","status":"publish","type":"page","link":"https:\/\/www.mammaemma.it\/es\/gnocchi-de-papas\/gnocchi-con-queso-ricotta-y-espinaca\/","title":{"rendered":"Gnocchi con ricotta y espinacas"},"content":{"rendered":"&#13;\n<p><strong>El delicado sabor que todo lo vence<\/strong><\/p>&#13;\n&#13;\n<p>mamma emmaL <strong>os Gnocchi con reques\u00f3n y espinacas<\/strong> celebran el sabor de la artesan\u00eda. Hechos s\u00f3lo con ricotta y espinacas 100% italianas, harina, huevos y una pizca de sal, estos Gnocchi tienen un sabor tan delicado que basta aderezarlos con mantequilla y salvia para apreciarlos plenamente. <\/p>&#13;\n","protected":false},"excerpt":{"rendered":"<p>papas Elaborado a partir de .<\/p>\n","protected":false},"author":1,"featured_media":6738,"parent":11283,"menu_order":3,"comment_status":"closed","ping_status":"closed","template":"page-product.php","meta":{"_acf_changed":false,"_et_pb_use_builder":"","_et_pb_old_content":"","_et_gb_content_width":"","footnotes":""},"class_list":["post-6737","page","type-page","status-publish","has-post-thumbnail","hentry"],"acf":[],"yoast_head":"<!-- This site is optimized with the Yoast SEO plugin v25.9 - https:\/\/yoast.com\/wordpress\/plugins\/seo\/ -->\n<title>- Gnocchi con Ricotta y Espinacas mamma emma<\/title>\n<meta name=\"description\" content=\"Prueba nuestros Gnocchi con reques\u00f3n y espinacas. Adem\u00e1s de todos los beneficios de estos ingredientes, destaca su agradable y delicado sabor, que gusta a ni\u00f1os y mayores. F\u00e1ciles de cocinar directamente en la sart\u00e9n.\" \/>\n<meta name=\"robots\" content=\"index, follow, max-snippet:-1, max-image-preview:large, max-video-preview:-1\" \/>\n<link rel=\"canonical\" href=\"https:\/\/www.mammaemma.it\/es\/gnocchi-de-papas\/gnocchi-con-queso-ricotta-y-espinaca\/\" \/>\n<meta property=\"og:locale\" content=\"es_ES\" \/>\n<meta property=\"og:type\" content=\"article\" \/>\n<meta property=\"og:title\" content=\"- Gnocchi con Ricotta y Espinacas mamma emma\" \/>\n<meta property=\"og:description\" content=\"Prueba nuestros Gnocchi con reques\u00f3n y espinacas. Adem\u00e1s de todos los beneficios de estos ingredientes, destaca su agradable y delicado sabor, que gusta a ni\u00f1os y mayores. F\u00e1ciles de cocinar directamente en la sart\u00e9n.\" \/>\n<meta property=\"og:url\" content=\"https:\/\/www.mammaemma.it\/es\/gnocchi-de-papas\/gnocchi-con-queso-ricotta-y-espinaca\/\" \/>\n<meta property=\"og:site_name\" content=\"mamma emma\" \/>\n<meta property=\"article:modified_time\" content=\"2024-10-16T23:25:18+00:00\" \/>\n<meta property=\"og:image\" content=\"https:\/\/www.mammaemma.it\/wp-content\/uploads\/2019\/10\/gnoggi-con-spinaci-ricotta-1.jpg\" \/>\n\t<meta property=\"og:image:width\" content=\"1333\" \/>\n\t<meta property=\"og:image:height\" content=\"1500\" \/>\n\t<meta property=\"og:image:type\" content=\"image\/jpeg\" \/>\n<meta name=\"twitter:card\" content=\"summary_large_image\" \/>\n<script type=\"application\/ld+json\" class=\"yoast-schema-graph\">{\"@context\":\"https:\/\/schema.org\",\"@graph\":[{\"@type\":\"WebPage\",\"@id\":\"https:\/\/www.mammaemma.it\/es\/gnocchi-de-papas\/gnocchi-con-queso-ricotta-y-espinaca\/\",\"url\":\"https:\/\/www.mammaemma.it\/es\/gnocchi-de-papas\/gnocchi-con-queso-ricotta-y-espinaca\/\",\"name\":\"- Gnocchi con Ricotta y Espinacas mamma emma\",\"isPartOf\":{\"@id\":\"https:\/\/www.mammaemma.it\/#website\"},\"primaryImageOfPage\":{\"@id\":\"https:\/\/www.mammaemma.it\/es\/gnocchi-de-papas\/gnocchi-con-queso-ricotta-y-espinaca\/#primaryimage\"},\"image\":{\"@id\":\"https:\/\/www.mammaemma.it\/es\/gnocchi-de-papas\/gnocchi-con-queso-ricotta-y-espinaca\/#primaryimage\"},\"thumbnailUrl\":\"https:\/\/www.mammaemma.it\/wp-content\/uploads\/2019\/10\/gnoggi-con-spinaci-ricotta-1.jpg\",\"datePublished\":\"2019-10-31T15:45:48+00:00\",\"dateModified\":\"2024-10-16T23:25:18+00:00\",\"description\":\"Prueba nuestros Gnocchi con reques\u00f3n y espinacas. Adem\u00e1s de todos los beneficios de estos ingredientes, destaca su agradable y delicado sabor, que gusta a ni\u00f1os y mayores. F\u00e1ciles de cocinar directamente en la sart\u00e9n.\",\"breadcrumb\":{\"@id\":\"https:\/\/www.mammaemma.it\/es\/gnocchi-de-papas\/gnocchi-con-queso-ricotta-y-espinaca\/#breadcrumb\"},\"inLanguage\":\"es\",\"potentialAction\":[{\"@type\":\"ReadAction\",\"target\":[\"https:\/\/www.mammaemma.it\/es\/gnocchi-de-papas\/gnocchi-con-queso-ricotta-y-espinaca\/\"]}]},{\"@type\":\"ImageObject\",\"inLanguage\":\"es\",\"@id\":\"https:\/\/www.mammaemma.it\/es\/gnocchi-de-papas\/gnocchi-con-queso-ricotta-y-espinaca\/#primaryimage\",\"url\":\"https:\/\/www.mammaemma.it\/wp-content\/uploads\/2019\/10\/gnoggi-con-spinaci-ricotta-1.jpg\",\"contentUrl\":\"https:\/\/www.mammaemma.it\/wp-content\/uploads\/2019\/10\/gnoggi-con-spinaci-ricotta-1.jpg\",\"width\":1333,\"height\":1500,\"caption\":\"Gnocchi con queso ricotta y espinaca\"},{\"@type\":\"BreadcrumbList\",\"@id\":\"https:\/\/www.mammaemma.it\/es\/gnocchi-de-papas\/gnocchi-con-queso-ricotta-y-espinaca\/#breadcrumb\",\"itemListElement\":[{\"@type\":\"ListItem\",\"position\":1,\"name\":\"Home\",\"item\":\"https:\/\/www.mammaemma.it\/es\/inicio-mama-emma\/\"},{\"@type\":\"ListItem\",\"position\":2,\"name\":\"Gnocchi de papas\",\"item\":\"https:\/\/www.mammaemma.it\/es\/gnocchi-de-papas\/\"},{\"@type\":\"ListItem\",\"position\":3,\"name\":\"Gnocchi con ricotta y espinacas\"}]},{\"@type\":\"WebSite\",\"@id\":\"https:\/\/www.mammaemma.it\/#website\",\"url\":\"https:\/\/www.mammaemma.it\/\",\"name\":\"mamma emma\",\"description\":\"Cerchi ricette con gnocchi? Scopri sul nostro sito tante fantastiche idee facili e veloci per preparare degli gnocchi di patate speciali. Visita il sito!\",\"potentialAction\":[{\"@type\":\"SearchAction\",\"target\":{\"@type\":\"EntryPoint\",\"urlTemplate\":\"https:\/\/www.mammaemma.it\/?s={search_term_string}\"},\"query-input\":{\"@type\":\"PropertyValueSpecification\",\"valueRequired\":true,\"valueName\":\"search_term_string\"}}],\"inLanguage\":\"es\"}]}<\/script>\n<!-- \/ Yoast SEO plugin. -->","yoast_head_json":{"title":"- Gnocchi con Ricotta y Espinacas mamma emma","description":"Prueba nuestros Gnocchi con reques\u00f3n y espinacas. Adem\u00e1s de todos los beneficios de estos ingredientes, destaca su agradable y delicado sabor, que gusta a ni\u00f1os y mayores. F\u00e1ciles de cocinar directamente en la sart\u00e9n.","robots":{"index":"index","follow":"follow","max-snippet":"max-snippet:-1","max-image-preview":"max-image-preview:large","max-video-preview":"max-video-preview:-1"},"canonical":"https:\/\/www.mammaemma.it\/es\/gnocchi-de-papas\/gnocchi-con-queso-ricotta-y-espinaca\/","og_locale":"es_ES","og_type":"article","og_title":"- Gnocchi con Ricotta y Espinacas mamma emma","og_description":"Prueba nuestros Gnocchi con reques\u00f3n y espinacas. Adem\u00e1s de todos los beneficios de estos ingredientes, destaca su agradable y delicado sabor, que gusta a ni\u00f1os y mayores. F\u00e1ciles de cocinar directamente en la sart\u00e9n.","og_url":"https:\/\/www.mammaemma.it\/es\/gnocchi-de-papas\/gnocchi-con-queso-ricotta-y-espinaca\/","og_site_name":"mamma emma","article_modified_time":"2024-10-16T23:25:18+00:00","og_image":[{"width":1333,"height":1500,"url":"https:\/\/www.mammaemma.it\/wp-content\/uploads\/2019\/10\/gnoggi-con-spinaci-ricotta-1.jpg","type":"image\/jpeg"}],"twitter_card":"summary_large_image","schema":{"@context":"https:\/\/schema.org","@graph":[{"@type":"WebPage","@id":"https:\/\/www.mammaemma.it\/es\/gnocchi-de-papas\/gnocchi-con-queso-ricotta-y-espinaca\/","url":"https:\/\/www.mammaemma.it\/es\/gnocchi-de-papas\/gnocchi-con-queso-ricotta-y-espinaca\/","name":"- Gnocchi con Ricotta y Espinacas mamma emma","isPartOf":{"@id":"https:\/\/www.mammaemma.it\/#website"},"primaryImageOfPage":{"@id":"https:\/\/www.mammaemma.it\/es\/gnocchi-de-papas\/gnocchi-con-queso-ricotta-y-espinaca\/#primaryimage"},"image":{"@id":"https:\/\/www.mammaemma.it\/es\/gnocchi-de-papas\/gnocchi-con-queso-ricotta-y-espinaca\/#primaryimage"},"thumbnailUrl":"https:\/\/www.mammaemma.it\/wp-content\/uploads\/2019\/10\/gnoggi-con-spinaci-ricotta-1.jpg","datePublished":"2019-10-31T15:45:48+00:00","dateModified":"2024-10-16T23:25:18+00:00","description":"Prueba nuestros Gnocchi con reques\u00f3n y espinacas. Adem\u00e1s de todos los beneficios de estos ingredientes, destaca su agradable y delicado sabor, que gusta a ni\u00f1os y mayores. F\u00e1ciles de cocinar directamente en la sart\u00e9n.","breadcrumb":{"@id":"https:\/\/www.mammaemma.it\/es\/gnocchi-de-papas\/gnocchi-con-queso-ricotta-y-espinaca\/#breadcrumb"},"inLanguage":"es","potentialAction":[{"@type":"ReadAction","target":["https:\/\/www.mammaemma.it\/es\/gnocchi-de-papas\/gnocchi-con-queso-ricotta-y-espinaca\/"]}]},{"@type":"ImageObject","inLanguage":"es","@id":"https:\/\/www.mammaemma.it\/es\/gnocchi-de-papas\/gnocchi-con-queso-ricotta-y-espinaca\/#primaryimage","url":"https:\/\/www.mammaemma.it\/wp-content\/uploads\/2019\/10\/gnoggi-con-spinaci-ricotta-1.jpg","contentUrl":"https:\/\/www.mammaemma.it\/wp-content\/uploads\/2019\/10\/gnoggi-con-spinaci-ricotta-1.jpg","width":1333,"height":1500,"caption":"Gnocchi con queso ricotta y espinaca"},{"@type":"BreadcrumbList","@id":"https:\/\/www.mammaemma.it\/es\/gnocchi-de-papas\/gnocchi-con-queso-ricotta-y-espinaca\/#breadcrumb","itemListElement":[{"@type":"ListItem","position":1,"name":"Home","item":"https:\/\/www.mammaemma.it\/es\/inicio-mama-emma\/"},{"@type":"ListItem","position":2,"name":"Gnocchi de papas","item":"https:\/\/www.mammaemma.it\/es\/gnocchi-de-papas\/"},{"@type":"ListItem","position":3,"name":"Gnocchi con ricotta y espinacas"}]},{"@type":"WebSite","@id":"https:\/\/www.mammaemma.it\/#website","url":"https:\/\/www.mammaemma.it\/","name":"mamma emma","description":"Cerchi ricette con gnocchi? Scopri sul nostro sito tante fantastiche idee facili e veloci per preparare degli gnocchi di patate speciali. Visita il sito!","potentialAction":[{"@type":"SearchAction","target":{"@type":"EntryPoint","urlTemplate":"https:\/\/www.mammaemma.it\/?s={search_term_string}"},"query-input":{"@type":"PropertyValueSpecification","valueRequired":true,"valueName":"search_term_string"}}],"inLanguage":"es"}]}},"_links":{"self":[{"href":"https:\/\/www.mammaemma.it\/es\/wp-json\/wp\/v2\/pages\/6737","targetHints":{"allow":["GET"]}}],"collection":[{"href":"https:\/\/www.mammaemma.it\/es\/wp-json\/wp\/v2\/pages"}],"about":[{"href":"https:\/\/www.mammaemma.it\/es\/wp-json\/wp\/v2\/types\/page"}],"author":[{"embeddable":true,"href":"https:\/\/www.mammaemma.it\/es\/wp-json\/wp\/v2\/users\/1"}],"replies":[{"embeddable":true,"href":"https:\/\/www.mammaemma.it\/es\/wp-json\/wp\/v2\/comments?post=6737"}],"version-history":[{"count":0,"href":"https:\/\/www.mammaemma.it\/es\/wp-json\/wp\/v2\/pages\/6737\/revisions"}],"up":[{"embeddable":true,"href":"https:\/\/www.mammaemma.it\/es\/wp-json\/wp\/v2\/pages\/11283"}],"wp:featuredmedia":[{"embeddable":true,"href":"https:\/\/www.mammaemma.it\/es\/wp-json\/wp\/v2\/media\/6738"}],"wp:attachment":[{"href":"https:\/\/www.mammaemma.it\/es\/wp-json\/wp\/v2\/media?parent=6737"}],"curies":[{"name":"wp","href":"https:\/\/api.w.org\/{rel}","templated":true}]}}