{"id":6759,"date":"2020-07-08T16:01:15","date_gmt":"2020-07-08T14:01:15","guid":{"rendered":"https:\/\/www.mammaemma.it\/gnocchi-de-papas-rellenos-con-queso-gorgonzola-dop\/"},"modified":"2024-10-17T01:27:00","modified_gmt":"2024-10-16T23:27:00","slug":"gnocchi-de-papas-rellenos-con-queso-gorgonzola-dop","status":"publish","type":"page","link":"https:\/\/www.mammaemma.it\/es\/gnocchi-de-papas\/gnocchi-de-papas-rellenos-con-queso-gorgonzola-dop\/","title":{"rendered":"Gnocchi rellenos de Gorgonzola DOP"},"content":{"rendered":"&#13;\n<p><strong>Un primer plato que te conquistar\u00e1 por su intenso sabor<\/strong><\/p>&#13;\n&#13;\n<p>papas Los primeros Gnocchi rellenos hechos con . <strong> mamma emma Esto es lo que hace \u00fanicos a<\/strong> <strong>los Gnocchi rellenos de Gorgonzola<\/strong>. La adici\u00f3n de Gorgonzola DOP, una aut\u00e9ntica excelencia gastron\u00f3mica italiana, a la masa de los Gnocchi de patata te dejar\u00e1 sin palabras. <strong><\/strong>  <\/p>&#13;\n","protected":false},"excerpt":{"rendered":"<p>papas Elaborado a partir de .<\/p>\n","protected":false},"author":1,"featured_media":6767,"parent":11283,"menu_order":11,"comment_status":"closed","ping_status":"closed","template":"page-product.php","meta":{"_acf_changed":false,"_et_pb_use_builder":"","_et_pb_old_content":"","_et_gb_content_width":"","footnotes":""},"class_list":["post-6759","page","type-page","status-publish","has-post-thumbnail","hentry"],"acf":[],"yoast_head":"<!-- This site is optimized with the Yoast SEO plugin v25.9 - https:\/\/yoast.com\/wordpress\/plugins\/seo\/ -->\n<title>- Gnocchi rellenos de Gorgonzola DOP mamma emma<\/title>\n<meta name=\"description\" content=\"papas Prueba nuestros Gnocchi rellenos de gorgonzola, elaborados s\u00f3lo con harina y 0, \u00a1son una verdadera excelencia gastron\u00f3mica!\" \/>\n<meta name=\"robots\" content=\"index, follow, max-snippet:-1, max-image-preview:large, max-video-preview:-1\" \/>\n<link rel=\"canonical\" href=\"https:\/\/www.mammaemma.it\/es\/gnocchi-de-papas\/gnocchi-de-papas-rellenos-con-queso-gorgonzola-dop\/\" \/>\n<meta property=\"og:locale\" content=\"es_ES\" \/>\n<meta property=\"og:type\" content=\"article\" \/>\n<meta property=\"og:title\" content=\"- Gnocchi rellenos de Gorgonzola DOP mamma emma\" \/>\n<meta property=\"og:description\" content=\"papas Prueba nuestros Gnocchi rellenos de gorgonzola, elaborados s\u00f3lo con harina y 0, \u00a1son una verdadera excelencia gastron\u00f3mica!\" \/>\n<meta property=\"og:url\" content=\"https:\/\/www.mammaemma.it\/es\/gnocchi-de-papas\/gnocchi-de-papas-rellenos-con-queso-gorgonzola-dop\/\" \/>\n<meta property=\"og:site_name\" content=\"mamma emma\" \/>\n<meta property=\"article:modified_time\" content=\"2024-10-16T23:27:00+00:00\" \/>\n<meta property=\"og:image\" content=\"https:\/\/www.mammaemma.it\/wp-content\/uploads\/2019\/10\/gnocchi-ripieni-gorgonzola.jpg\" \/>\n\t<meta property=\"og:image:width\" content=\"1333\" \/>\n\t<meta property=\"og:image:height\" content=\"1500\" \/>\n\t<meta property=\"og:image:type\" content=\"image\/jpeg\" \/>\n<meta name=\"twitter:card\" content=\"summary_large_image\" \/>\n<script type=\"application\/ld+json\" class=\"yoast-schema-graph\">{\"@context\":\"https:\/\/schema.org\",\"@graph\":[{\"@type\":\"WebPage\",\"@id\":\"https:\/\/www.mammaemma.it\/es\/gnocchi-de-papas\/gnocchi-de-papas-rellenos-con-queso-gorgonzola-dop\/\",\"url\":\"https:\/\/www.mammaemma.it\/es\/gnocchi-de-papas\/gnocchi-de-papas-rellenos-con-queso-gorgonzola-dop\/\",\"name\":\"- Gnocchi rellenos de Gorgonzola DOP mamma emma\",\"isPartOf\":{\"@id\":\"https:\/\/www.mammaemma.it\/#website\"},\"primaryImageOfPage\":{\"@id\":\"https:\/\/www.mammaemma.it\/es\/gnocchi-de-papas\/gnocchi-de-papas-rellenos-con-queso-gorgonzola-dop\/#primaryimage\"},\"image\":{\"@id\":\"https:\/\/www.mammaemma.it\/es\/gnocchi-de-papas\/gnocchi-de-papas-rellenos-con-queso-gorgonzola-dop\/#primaryimage\"},\"thumbnailUrl\":\"https:\/\/www.mammaemma.it\/wp-content\/uploads\/2019\/10\/gnocchi-ripieni-gorgonzola.jpg\",\"datePublished\":\"2020-07-08T14:01:15+00:00\",\"dateModified\":\"2024-10-16T23:27:00+00:00\",\"description\":\"papas Prueba nuestros Gnocchi rellenos de gorgonzola, elaborados s\u00f3lo con harina y 0, \u00a1son una verdadera excelencia gastron\u00f3mica!\",\"breadcrumb\":{\"@id\":\"https:\/\/www.mammaemma.it\/es\/gnocchi-de-papas\/gnocchi-de-papas-rellenos-con-queso-gorgonzola-dop\/#breadcrumb\"},\"inLanguage\":\"es\",\"potentialAction\":[{\"@type\":\"ReadAction\",\"target\":[\"https:\/\/www.mammaemma.it\/es\/gnocchi-de-papas\/gnocchi-de-papas-rellenos-con-queso-gorgonzola-dop\/\"]}]},{\"@type\":\"ImageObject\",\"inLanguage\":\"es\",\"@id\":\"https:\/\/www.mammaemma.it\/es\/gnocchi-de-papas\/gnocchi-de-papas-rellenos-con-queso-gorgonzola-dop\/#primaryimage\",\"url\":\"https:\/\/www.mammaemma.it\/wp-content\/uploads\/2019\/10\/gnocchi-ripieni-gorgonzola.jpg\",\"contentUrl\":\"https:\/\/www.mammaemma.it\/wp-content\/uploads\/2019\/10\/gnocchi-ripieni-gorgonzola.jpg\",\"width\":1333,\"height\":1500},{\"@type\":\"BreadcrumbList\",\"@id\":\"https:\/\/www.mammaemma.it\/es\/gnocchi-de-papas\/gnocchi-de-papas-rellenos-con-queso-gorgonzola-dop\/#breadcrumb\",\"itemListElement\":[{\"@type\":\"ListItem\",\"position\":1,\"name\":\"Home\",\"item\":\"https:\/\/www.mammaemma.it\/es\/inicio-mama-emma\/\"},{\"@type\":\"ListItem\",\"position\":2,\"name\":\"Gnocchi de papas\",\"item\":\"https:\/\/www.mammaemma.it\/es\/gnocchi-de-papas\/\"},{\"@type\":\"ListItem\",\"position\":3,\"name\":\"Gnocchi rellenos de Gorgonzola DOP\"}]},{\"@type\":\"WebSite\",\"@id\":\"https:\/\/www.mammaemma.it\/#website\",\"url\":\"https:\/\/www.mammaemma.it\/\",\"name\":\"mamma emma\",\"description\":\"Cerchi ricette con gnocchi? Scopri sul nostro sito tante fantastiche idee facili e veloci per preparare degli gnocchi di patate speciali. Visita il sito!\",\"potentialAction\":[{\"@type\":\"SearchAction\",\"target\":{\"@type\":\"EntryPoint\",\"urlTemplate\":\"https:\/\/www.mammaemma.it\/?s={search_term_string}\"},\"query-input\":{\"@type\":\"PropertyValueSpecification\",\"valueRequired\":true,\"valueName\":\"search_term_string\"}}],\"inLanguage\":\"es\"}]}<\/script>\n<!-- \/ Yoast SEO plugin. -->","yoast_head_json":{"title":"- Gnocchi rellenos de Gorgonzola DOP mamma emma","description":"papas Prueba nuestros Gnocchi rellenos de gorgonzola, elaborados s\u00f3lo con harina y 0, \u00a1son una verdadera excelencia gastron\u00f3mica!","robots":{"index":"index","follow":"follow","max-snippet":"max-snippet:-1","max-image-preview":"max-image-preview:large","max-video-preview":"max-video-preview:-1"},"canonical":"https:\/\/www.mammaemma.it\/es\/gnocchi-de-papas\/gnocchi-de-papas-rellenos-con-queso-gorgonzola-dop\/","og_locale":"es_ES","og_type":"article","og_title":"- Gnocchi rellenos de Gorgonzola DOP mamma emma","og_description":"papas Prueba nuestros Gnocchi rellenos de gorgonzola, elaborados s\u00f3lo con harina y 0, \u00a1son una verdadera excelencia gastron\u00f3mica!","og_url":"https:\/\/www.mammaemma.it\/es\/gnocchi-de-papas\/gnocchi-de-papas-rellenos-con-queso-gorgonzola-dop\/","og_site_name":"mamma emma","article_modified_time":"2024-10-16T23:27:00+00:00","og_image":[{"width":1333,"height":1500,"url":"https:\/\/www.mammaemma.it\/wp-content\/uploads\/2019\/10\/gnocchi-ripieni-gorgonzola.jpg","type":"image\/jpeg"}],"twitter_card":"summary_large_image","schema":{"@context":"https:\/\/schema.org","@graph":[{"@type":"WebPage","@id":"https:\/\/www.mammaemma.it\/es\/gnocchi-de-papas\/gnocchi-de-papas-rellenos-con-queso-gorgonzola-dop\/","url":"https:\/\/www.mammaemma.it\/es\/gnocchi-de-papas\/gnocchi-de-papas-rellenos-con-queso-gorgonzola-dop\/","name":"- Gnocchi rellenos de Gorgonzola DOP mamma emma","isPartOf":{"@id":"https:\/\/www.mammaemma.it\/#website"},"primaryImageOfPage":{"@id":"https:\/\/www.mammaemma.it\/es\/gnocchi-de-papas\/gnocchi-de-papas-rellenos-con-queso-gorgonzola-dop\/#primaryimage"},"image":{"@id":"https:\/\/www.mammaemma.it\/es\/gnocchi-de-papas\/gnocchi-de-papas-rellenos-con-queso-gorgonzola-dop\/#primaryimage"},"thumbnailUrl":"https:\/\/www.mammaemma.it\/wp-content\/uploads\/2019\/10\/gnocchi-ripieni-gorgonzola.jpg","datePublished":"2020-07-08T14:01:15+00:00","dateModified":"2024-10-16T23:27:00+00:00","description":"papas Prueba nuestros Gnocchi rellenos de gorgonzola, elaborados s\u00f3lo con harina y 0, \u00a1son una verdadera excelencia gastron\u00f3mica!","breadcrumb":{"@id":"https:\/\/www.mammaemma.it\/es\/gnocchi-de-papas\/gnocchi-de-papas-rellenos-con-queso-gorgonzola-dop\/#breadcrumb"},"inLanguage":"es","potentialAction":[{"@type":"ReadAction","target":["https:\/\/www.mammaemma.it\/es\/gnocchi-de-papas\/gnocchi-de-papas-rellenos-con-queso-gorgonzola-dop\/"]}]},{"@type":"ImageObject","inLanguage":"es","@id":"https:\/\/www.mammaemma.it\/es\/gnocchi-de-papas\/gnocchi-de-papas-rellenos-con-queso-gorgonzola-dop\/#primaryimage","url":"https:\/\/www.mammaemma.it\/wp-content\/uploads\/2019\/10\/gnocchi-ripieni-gorgonzola.jpg","contentUrl":"https:\/\/www.mammaemma.it\/wp-content\/uploads\/2019\/10\/gnocchi-ripieni-gorgonzola.jpg","width":1333,"height":1500},{"@type":"BreadcrumbList","@id":"https:\/\/www.mammaemma.it\/es\/gnocchi-de-papas\/gnocchi-de-papas-rellenos-con-queso-gorgonzola-dop\/#breadcrumb","itemListElement":[{"@type":"ListItem","position":1,"name":"Home","item":"https:\/\/www.mammaemma.it\/es\/inicio-mama-emma\/"},{"@type":"ListItem","position":2,"name":"Gnocchi de papas","item":"https:\/\/www.mammaemma.it\/es\/gnocchi-de-papas\/"},{"@type":"ListItem","position":3,"name":"Gnocchi rellenos de Gorgonzola DOP"}]},{"@type":"WebSite","@id":"https:\/\/www.mammaemma.it\/#website","url":"https:\/\/www.mammaemma.it\/","name":"mamma emma","description":"Cerchi ricette con gnocchi? Scopri sul nostro sito tante fantastiche idee facili e veloci per preparare degli gnocchi di patate speciali. Visita il sito!","potentialAction":[{"@type":"SearchAction","target":{"@type":"EntryPoint","urlTemplate":"https:\/\/www.mammaemma.it\/?s={search_term_string}"},"query-input":{"@type":"PropertyValueSpecification","valueRequired":true,"valueName":"search_term_string"}}],"inLanguage":"es"}]}},"_links":{"self":[{"href":"https:\/\/www.mammaemma.it\/es\/wp-json\/wp\/v2\/pages\/6759","targetHints":{"allow":["GET"]}}],"collection":[{"href":"https:\/\/www.mammaemma.it\/es\/wp-json\/wp\/v2\/pages"}],"about":[{"href":"https:\/\/www.mammaemma.it\/es\/wp-json\/wp\/v2\/types\/page"}],"author":[{"embeddable":true,"href":"https:\/\/www.mammaemma.it\/es\/wp-json\/wp\/v2\/users\/1"}],"replies":[{"embeddable":true,"href":"https:\/\/www.mammaemma.it\/es\/wp-json\/wp\/v2\/comments?post=6759"}],"version-history":[{"count":0,"href":"https:\/\/www.mammaemma.it\/es\/wp-json\/wp\/v2\/pages\/6759\/revisions"}],"up":[{"embeddable":true,"href":"https:\/\/www.mammaemma.it\/es\/wp-json\/wp\/v2\/pages\/11283"}],"wp:featuredmedia":[{"embeddable":true,"href":"https:\/\/www.mammaemma.it\/es\/wp-json\/wp\/v2\/media\/6767"}],"wp:attachment":[{"href":"https:\/\/www.mammaemma.it\/es\/wp-json\/wp\/v2\/media?parent=6759"}],"curies":[{"name":"wp","href":"https:\/\/api.w.org\/{rel}","templated":true}]}}