{"id":6793,"date":"2019-11-04T14:40:21","date_gmt":"2019-11-04T13:40:21","guid":{"rendered":"https:\/\/www.mammaemma.it\/gnocchi-de-papas-organicos\/"},"modified":"2025-06-09T10:34:12","modified_gmt":"2025-06-09T08:34:12","slug":"gnocchi-de-papas-organicos","status":"publish","type":"page","link":"https:\/\/www.mammaemma.it\/es\/gnocchi-ecologicos\/gnocchi-de-papas-organicos\/","title":{"rendered":"papas Gnocchi di bio rigati"},"content":{"rendered":"<p>[et_pb_section][et_pb_row][et_pb_column type=\u00bb4_4&#8243;][et_pb_text]<\/p>\n<p><strong>Ideal para una dieta biovegana<\/strong><\/p>\n<p>La certificaci\u00f3n ICEA garantiza que todos los ingredientes de <strong>los Gnocchi ecol\u00f3gicos papas <\/strong>proceden de cultivos 100% ecol\u00f3gicos. Un producto respetuoso con la naturaleza, sometido a estrictos controles y que responde a las necesidades de una alimentaci\u00f3n atenta a la salud pero que no renuncia al sabor. <\/p>\n<p>[\/et_pb_text][\/et_pb_column][\/et_pb_row][\/et_pb_section]<\/p>\n","protected":false},"excerpt":{"rendered":"<p>papas La certificaci\u00f3n ICEA garantiza que todos los ingredientes de los Gnocchi ecol\u00f3gicos proceden de cultivos 100% ecol\u00f3gicos. Un producto respetuoso con la naturaleza, sometido a estrictos controles y que responde a las necesidades de una alimentaci\u00f3n atenta a la salud pero que no renuncia al sabor. <\/p>\n","protected":false},"author":1,"featured_media":6795,"parent":11274,"menu_order":1,"comment_status":"closed","ping_status":"closed","template":"page-product.php","meta":{"_acf_changed":false,"_et_pb_use_builder":"on","_et_pb_old_content":"","_et_gb_content_width":"","footnotes":""},"class_list":["post-6793","page","type-page","status-publish","has-post-thumbnail","hentry"],"acf":[],"yoast_head":"<!-- This site is optimized with the Yoast SEO plugin v25.9 - https:\/\/yoast.com\/wordpress\/plugins\/seo\/ -->\n<title>papas Gnocchi di bio rigati - Veganos sin huevo mamma emma<\/title>\n<meta name=\"description\" content=\"papas papas Prueba nuestros Gnocchi di bio, la certificaci\u00f3n ICEA garantiza que todos los ingredientes de los gnocchi di bio proceden de cultivos 100% ecol\u00f3gicos.\" \/>\n<meta name=\"robots\" content=\"index, follow, max-snippet:-1, max-image-preview:large, max-video-preview:-1\" \/>\n<link rel=\"canonical\" href=\"https:\/\/www.mammaemma.it\/es\/gnocchi-ecologicos\/gnocchi-de-papas-organicos\/\" \/>\n<meta property=\"og:locale\" content=\"es_ES\" \/>\n<meta property=\"og:type\" content=\"article\" \/>\n<meta property=\"og:title\" content=\"papas Gnocchi di bio rigati - Veganos sin huevo mamma emma\" \/>\n<meta property=\"og:description\" content=\"papas papas Prueba nuestros Gnocchi di bio, la certificaci\u00f3n ICEA garantiza que todos los ingredientes de los gnocchi di bio proceden de cultivos 100% ecol\u00f3gicos.\" \/>\n<meta property=\"og:url\" content=\"https:\/\/www.mammaemma.it\/es\/gnocchi-ecologicos\/gnocchi-de-papas-organicos\/\" \/>\n<meta property=\"og:site_name\" content=\"mamma emma\" \/>\n<meta property=\"article:modified_time\" content=\"2025-06-09T08:34:12+00:00\" \/>\n<meta property=\"og:image\" content=\"https:\/\/www.mammaemma.it\/wp-content\/uploads\/2019\/11\/gnocchi-bio-normali.jpg\" \/>\n\t<meta property=\"og:image:width\" content=\"1333\" \/>\n\t<meta property=\"og:image:height\" content=\"1500\" \/>\n\t<meta property=\"og:image:type\" content=\"image\/jpeg\" \/>\n<meta name=\"twitter:card\" content=\"summary_large_image\" \/>\n<script type=\"application\/ld+json\" class=\"yoast-schema-graph\">{\"@context\":\"https:\/\/schema.org\",\"@graph\":[{\"@type\":\"WebPage\",\"@id\":\"https:\/\/www.mammaemma.it\/es\/gnocchi-ecologicos\/gnocchi-de-papas-organicos\/\",\"url\":\"https:\/\/www.mammaemma.it\/es\/gnocchi-ecologicos\/gnocchi-de-papas-organicos\/\",\"name\":\"papas Gnocchi di bio rigati - Veganos sin huevo mamma emma\",\"isPartOf\":{\"@id\":\"https:\/\/www.mammaemma.it\/#website\"},\"primaryImageOfPage\":{\"@id\":\"https:\/\/www.mammaemma.it\/es\/gnocchi-ecologicos\/gnocchi-de-papas-organicos\/#primaryimage\"},\"image\":{\"@id\":\"https:\/\/www.mammaemma.it\/es\/gnocchi-ecologicos\/gnocchi-de-papas-organicos\/#primaryimage\"},\"thumbnailUrl\":\"https:\/\/www.mammaemma.it\/wp-content\/uploads\/2019\/11\/gnocchi-bio-normali.jpg\",\"datePublished\":\"2019-11-04T13:40:21+00:00\",\"dateModified\":\"2025-06-09T08:34:12+00:00\",\"description\":\"papas papas Prueba nuestros Gnocchi di bio, la certificaci\u00f3n ICEA garantiza que todos los ingredientes de los gnocchi di bio proceden de cultivos 100% ecol\u00f3gicos.\",\"breadcrumb\":{\"@id\":\"https:\/\/www.mammaemma.it\/es\/gnocchi-ecologicos\/gnocchi-de-papas-organicos\/#breadcrumb\"},\"inLanguage\":\"es\",\"potentialAction\":[{\"@type\":\"ReadAction\",\"target\":[\"https:\/\/www.mammaemma.it\/es\/gnocchi-ecologicos\/gnocchi-de-papas-organicos\/\"]}]},{\"@type\":\"ImageObject\",\"inLanguage\":\"es\",\"@id\":\"https:\/\/www.mammaemma.it\/es\/gnocchi-ecologicos\/gnocchi-de-papas-organicos\/#primaryimage\",\"url\":\"https:\/\/www.mammaemma.it\/wp-content\/uploads\/2019\/11\/gnocchi-bio-normali.jpg\",\"contentUrl\":\"https:\/\/www.mammaemma.it\/wp-content\/uploads\/2019\/11\/gnocchi-bio-normali.jpg\",\"width\":1333,\"height\":1500,\"caption\":\"Gnocchi rigati biologici Mamma Emma\"},{\"@type\":\"BreadcrumbList\",\"@id\":\"https:\/\/www.mammaemma.it\/es\/gnocchi-ecologicos\/gnocchi-de-papas-organicos\/#breadcrumb\",\"itemListElement\":[{\"@type\":\"ListItem\",\"position\":1,\"name\":\"Home\",\"item\":\"https:\/\/www.mammaemma.it\/es\/inicio-mama-emma\/\"},{\"@type\":\"ListItem\",\"position\":2,\"name\":\"Gnocchi ecol\u00f3gicos\",\"item\":\"https:\/\/www.mammaemma.it\/es\/gnocchi-ecologicos\/\"},{\"@type\":\"ListItem\",\"position\":3,\"name\":\"papas Gnocchi di bio rigati\"}]},{\"@type\":\"WebSite\",\"@id\":\"https:\/\/www.mammaemma.it\/#website\",\"url\":\"https:\/\/www.mammaemma.it\/\",\"name\":\"mamma emma\",\"description\":\"Cerchi ricette con gnocchi? Scopri sul nostro sito tante fantastiche idee facili e veloci per preparare degli gnocchi di patate speciali. Visita il sito!\",\"potentialAction\":[{\"@type\":\"SearchAction\",\"target\":{\"@type\":\"EntryPoint\",\"urlTemplate\":\"https:\/\/www.mammaemma.it\/?s={search_term_string}\"},\"query-input\":{\"@type\":\"PropertyValueSpecification\",\"valueRequired\":true,\"valueName\":\"search_term_string\"}}],\"inLanguage\":\"es\"}]}<\/script>\n<!-- \/ Yoast SEO plugin. -->","yoast_head_json":{"title":"papas Gnocchi di bio rigati - Veganos sin huevo mamma emma","description":"papas papas Prueba nuestros Gnocchi di bio, la certificaci\u00f3n ICEA garantiza que todos los ingredientes de los gnocchi di bio proceden de cultivos 100% ecol\u00f3gicos.","robots":{"index":"index","follow":"follow","max-snippet":"max-snippet:-1","max-image-preview":"max-image-preview:large","max-video-preview":"max-video-preview:-1"},"canonical":"https:\/\/www.mammaemma.it\/es\/gnocchi-ecologicos\/gnocchi-de-papas-organicos\/","og_locale":"es_ES","og_type":"article","og_title":"papas Gnocchi di bio rigati - Veganos sin huevo mamma emma","og_description":"papas papas Prueba nuestros Gnocchi di bio, la certificaci\u00f3n ICEA garantiza que todos los ingredientes de los gnocchi di bio proceden de cultivos 100% ecol\u00f3gicos.","og_url":"https:\/\/www.mammaemma.it\/es\/gnocchi-ecologicos\/gnocchi-de-papas-organicos\/","og_site_name":"mamma emma","article_modified_time":"2025-06-09T08:34:12+00:00","og_image":[{"width":1333,"height":1500,"url":"https:\/\/www.mammaemma.it\/wp-content\/uploads\/2019\/11\/gnocchi-bio-normali.jpg","type":"image\/jpeg"}],"twitter_card":"summary_large_image","schema":{"@context":"https:\/\/schema.org","@graph":[{"@type":"WebPage","@id":"https:\/\/www.mammaemma.it\/es\/gnocchi-ecologicos\/gnocchi-de-papas-organicos\/","url":"https:\/\/www.mammaemma.it\/es\/gnocchi-ecologicos\/gnocchi-de-papas-organicos\/","name":"papas Gnocchi di bio rigati - Veganos sin huevo mamma emma","isPartOf":{"@id":"https:\/\/www.mammaemma.it\/#website"},"primaryImageOfPage":{"@id":"https:\/\/www.mammaemma.it\/es\/gnocchi-ecologicos\/gnocchi-de-papas-organicos\/#primaryimage"},"image":{"@id":"https:\/\/www.mammaemma.it\/es\/gnocchi-ecologicos\/gnocchi-de-papas-organicos\/#primaryimage"},"thumbnailUrl":"https:\/\/www.mammaemma.it\/wp-content\/uploads\/2019\/11\/gnocchi-bio-normali.jpg","datePublished":"2019-11-04T13:40:21+00:00","dateModified":"2025-06-09T08:34:12+00:00","description":"papas papas Prueba nuestros Gnocchi di bio, la certificaci\u00f3n ICEA garantiza que todos los ingredientes de los gnocchi di bio proceden de cultivos 100% ecol\u00f3gicos.","breadcrumb":{"@id":"https:\/\/www.mammaemma.it\/es\/gnocchi-ecologicos\/gnocchi-de-papas-organicos\/#breadcrumb"},"inLanguage":"es","potentialAction":[{"@type":"ReadAction","target":["https:\/\/www.mammaemma.it\/es\/gnocchi-ecologicos\/gnocchi-de-papas-organicos\/"]}]},{"@type":"ImageObject","inLanguage":"es","@id":"https:\/\/www.mammaemma.it\/es\/gnocchi-ecologicos\/gnocchi-de-papas-organicos\/#primaryimage","url":"https:\/\/www.mammaemma.it\/wp-content\/uploads\/2019\/11\/gnocchi-bio-normali.jpg","contentUrl":"https:\/\/www.mammaemma.it\/wp-content\/uploads\/2019\/11\/gnocchi-bio-normali.jpg","width":1333,"height":1500,"caption":"Gnocchi rigati biologici Mamma Emma"},{"@type":"BreadcrumbList","@id":"https:\/\/www.mammaemma.it\/es\/gnocchi-ecologicos\/gnocchi-de-papas-organicos\/#breadcrumb","itemListElement":[{"@type":"ListItem","position":1,"name":"Home","item":"https:\/\/www.mammaemma.it\/es\/inicio-mama-emma\/"},{"@type":"ListItem","position":2,"name":"Gnocchi ecol\u00f3gicos","item":"https:\/\/www.mammaemma.it\/es\/gnocchi-ecologicos\/"},{"@type":"ListItem","position":3,"name":"papas Gnocchi di bio rigati"}]},{"@type":"WebSite","@id":"https:\/\/www.mammaemma.it\/#website","url":"https:\/\/www.mammaemma.it\/","name":"mamma emma","description":"Cerchi ricette con gnocchi? Scopri sul nostro sito tante fantastiche idee facili e veloci per preparare degli gnocchi di patate speciali. Visita il sito!","potentialAction":[{"@type":"SearchAction","target":{"@type":"EntryPoint","urlTemplate":"https:\/\/www.mammaemma.it\/?s={search_term_string}"},"query-input":{"@type":"PropertyValueSpecification","valueRequired":true,"valueName":"search_term_string"}}],"inLanguage":"es"}]}},"_links":{"self":[{"href":"https:\/\/www.mammaemma.it\/es\/wp-json\/wp\/v2\/pages\/6793","targetHints":{"allow":["GET"]}}],"collection":[{"href":"https:\/\/www.mammaemma.it\/es\/wp-json\/wp\/v2\/pages"}],"about":[{"href":"https:\/\/www.mammaemma.it\/es\/wp-json\/wp\/v2\/types\/page"}],"author":[{"embeddable":true,"href":"https:\/\/www.mammaemma.it\/es\/wp-json\/wp\/v2\/users\/1"}],"replies":[{"embeddable":true,"href":"https:\/\/www.mammaemma.it\/es\/wp-json\/wp\/v2\/comments?post=6793"}],"version-history":[{"count":0,"href":"https:\/\/www.mammaemma.it\/es\/wp-json\/wp\/v2\/pages\/6793\/revisions"}],"up":[{"embeddable":true,"href":"https:\/\/www.mammaemma.it\/es\/wp-json\/wp\/v2\/pages\/11274"}],"wp:featuredmedia":[{"embeddable":true,"href":"https:\/\/www.mammaemma.it\/es\/wp-json\/wp\/v2\/media\/6795"}],"wp:attachment":[{"href":"https:\/\/www.mammaemma.it\/es\/wp-json\/wp\/v2\/media?parent=6793"}],"curies":[{"name":"wp","href":"https:\/\/api.w.org\/{rel}","templated":true}]}}