{"id":6799,"date":"2019-11-04T14:57:38","date_gmt":"2019-11-04T13:57:38","guid":{"rendered":"https:\/\/www.mammaemma.it\/spatzle-del-tirol-organicos\/"},"modified":"2025-06-09T10:23:22","modified_gmt":"2025-06-09T08:23:22","slug":"spatzle-del-tirol-organicos","status":"publish","type":"page","link":"https:\/\/www.mammaemma.it\/es\/gnocchi-ecologicos\/spatzle-del-tirol-organicos\/","title":{"rendered":"Alb\u00f3ndigas Sp\u00e4tzle ecol\u00f3gicas al estilo tirol\u00e9s"},"content":{"rendered":"<p>[et_pb_section][et_pb_row][et_pb_column type=\u00bb4_4&#8243;][et_pb_text]<\/p>\n<p><strong>Un primer plato tradicional<\/strong><\/p>\n<p><strong>Sp\u00e4tzle ecol\u00f3gicas al estilo tirol\u00e9s<\/strong> mamma emma se elaboran con espinacas de hoja ecol\u00f3gica 100% italianas y encarnan el aut\u00e9ntico sabor de la cocina del <strong>Tirol<\/strong> del Sur. Deliciosas como primer plato, tambi\u00e9n son excelentes como guarnici\u00f3n de platos de carne. <\/p>\n<p>[\/et_pb_text][\/et_pb_column][\/et_pb_row][\/et_pb_section]<\/p>\n","protected":false},"excerpt":{"rendered":"<p>mamma emma Las sp\u00e4tzle ecol\u00f3gicas al estilo tirol\u00e9s se elaboran con espinacas de hoja ecol\u00f3gica 100% italianas y encarnan el aut\u00e9ntico sabor de la cocina del Tirol del Sur. Deliciosas como primer plato, tambi\u00e9n son excelentes como guarnici\u00f3n de platos de carne. Las Sp\u00e4tzle se cocinan en un santiam\u00e9n, y son un verdadero triunfo para cuando tienes poco tiempo, pero quieres deleitar a tus invitados con un plato realmente especial.  <\/p>\n","protected":false},"author":1,"featured_media":6800,"parent":11274,"menu_order":2,"comment_status":"closed","ping_status":"closed","template":"page-product.php","meta":{"_acf_changed":false,"_et_pb_use_builder":"on","_et_pb_old_content":"","_et_gb_content_width":"","footnotes":""},"class_list":["post-6799","page","type-page","status-publish","has-post-thumbnail","hentry"],"acf":[],"yoast_head":"<!-- This site is optimized with the Yoast SEO plugin v25.9 - https:\/\/yoast.com\/wordpress\/plugins\/seo\/ -->\n<title>Alb\u00f3ndigas Sp\u00e4tzle ecol\u00f3gicas al estilo tirol\u00e9s - mamma emma<\/title>\n<meta name=\"description\" content=\"Prueba nuestros sp\u00e4tzle al estilo tirol\u00e9s, elaborados \u00fanicamente con espinacas de hoja 100% italiana y que encierran el aut\u00e9ntico sabor de la tradici\u00f3n transalpina.\" \/>\n<meta name=\"robots\" content=\"index, follow, max-snippet:-1, max-image-preview:large, max-video-preview:-1\" \/>\n<link rel=\"canonical\" href=\"https:\/\/www.mammaemma.it\/es\/gnocchi-ecologicos\/spatzle-del-tirol-organicos\/\" \/>\n<meta property=\"og:locale\" content=\"es_ES\" \/>\n<meta property=\"og:type\" content=\"article\" \/>\n<meta property=\"og:title\" content=\"Alb\u00f3ndigas Sp\u00e4tzle ecol\u00f3gicas al estilo tirol\u00e9s - mamma emma\" \/>\n<meta property=\"og:description\" content=\"Prueba nuestros sp\u00e4tzle al estilo tirol\u00e9s, elaborados \u00fanicamente con espinacas de hoja 100% italiana y que encierran el aut\u00e9ntico sabor de la tradici\u00f3n transalpina.\" \/>\n<meta property=\"og:url\" content=\"https:\/\/www.mammaemma.it\/es\/gnocchi-ecologicos\/spatzle-del-tirol-organicos\/\" \/>\n<meta property=\"og:site_name\" content=\"mamma emma\" \/>\n<meta property=\"article:modified_time\" content=\"2025-06-09T08:23:22+00:00\" \/>\n<meta property=\"og:image\" content=\"https:\/\/www.mammaemma.it\/wp-content\/uploads\/2019\/11\/spatzle-bio.jpg\" \/>\n\t<meta property=\"og:image:width\" content=\"1333\" \/>\n\t<meta property=\"og:image:height\" content=\"1500\" \/>\n\t<meta property=\"og:image:type\" content=\"image\/jpeg\" \/>\n<meta name=\"twitter:card\" content=\"summary_large_image\" \/>\n<script type=\"application\/ld+json\" class=\"yoast-schema-graph\">{\"@context\":\"https:\/\/schema.org\",\"@graph\":[{\"@type\":\"WebPage\",\"@id\":\"https:\/\/www.mammaemma.it\/es\/gnocchi-ecologicos\/spatzle-del-tirol-organicos\/\",\"url\":\"https:\/\/www.mammaemma.it\/es\/gnocchi-ecologicos\/spatzle-del-tirol-organicos\/\",\"name\":\"Alb\u00f3ndigas Sp\u00e4tzle ecol\u00f3gicas al estilo tirol\u00e9s - mamma emma\",\"isPartOf\":{\"@id\":\"https:\/\/www.mammaemma.it\/#website\"},\"primaryImageOfPage\":{\"@id\":\"https:\/\/www.mammaemma.it\/es\/gnocchi-ecologicos\/spatzle-del-tirol-organicos\/#primaryimage\"},\"image\":{\"@id\":\"https:\/\/www.mammaemma.it\/es\/gnocchi-ecologicos\/spatzle-del-tirol-organicos\/#primaryimage\"},\"thumbnailUrl\":\"https:\/\/www.mammaemma.it\/wp-content\/uploads\/2019\/11\/spatzle-bio.jpg\",\"datePublished\":\"2019-11-04T13:57:38+00:00\",\"dateModified\":\"2025-06-09T08:23:22+00:00\",\"description\":\"Prueba nuestros sp\u00e4tzle al estilo tirol\u00e9s, elaborados \u00fanicamente con espinacas de hoja 100% italiana y que encierran el aut\u00e9ntico sabor de la tradici\u00f3n transalpina.\",\"breadcrumb\":{\"@id\":\"https:\/\/www.mammaemma.it\/es\/gnocchi-ecologicos\/spatzle-del-tirol-organicos\/#breadcrumb\"},\"inLanguage\":\"es\",\"potentialAction\":[{\"@type\":\"ReadAction\",\"target\":[\"https:\/\/www.mammaemma.it\/es\/gnocchi-ecologicos\/spatzle-del-tirol-organicos\/\"]}]},{\"@type\":\"ImageObject\",\"inLanguage\":\"es\",\"@id\":\"https:\/\/www.mammaemma.it\/es\/gnocchi-ecologicos\/spatzle-del-tirol-organicos\/#primaryimage\",\"url\":\"https:\/\/www.mammaemma.it\/wp-content\/uploads\/2019\/11\/spatzle-bio.jpg\",\"contentUrl\":\"https:\/\/www.mammaemma.it\/wp-content\/uploads\/2019\/11\/spatzle-bio.jpg\",\"width\":1333,\"height\":1500,\"caption\":\"Spatzle Biologici\"},{\"@type\":\"BreadcrumbList\",\"@id\":\"https:\/\/www.mammaemma.it\/es\/gnocchi-ecologicos\/spatzle-del-tirol-organicos\/#breadcrumb\",\"itemListElement\":[{\"@type\":\"ListItem\",\"position\":1,\"name\":\"Home\",\"item\":\"https:\/\/www.mammaemma.it\/es\/inicio-mama-emma\/\"},{\"@type\":\"ListItem\",\"position\":2,\"name\":\"Gnocchi ecol\u00f3gicos\",\"item\":\"https:\/\/www.mammaemma.it\/es\/gnocchi-ecologicos\/\"},{\"@type\":\"ListItem\",\"position\":3,\"name\":\"Alb\u00f3ndigas Sp\u00e4tzle ecol\u00f3gicas al estilo tirol\u00e9s\"}]},{\"@type\":\"WebSite\",\"@id\":\"https:\/\/www.mammaemma.it\/#website\",\"url\":\"https:\/\/www.mammaemma.it\/\",\"name\":\"mamma emma\",\"description\":\"Cerchi ricette con gnocchi? Scopri sul nostro sito tante fantastiche idee facili e veloci per preparare degli gnocchi di patate speciali. Visita il sito!\",\"potentialAction\":[{\"@type\":\"SearchAction\",\"target\":{\"@type\":\"EntryPoint\",\"urlTemplate\":\"https:\/\/www.mammaemma.it\/?s={search_term_string}\"},\"query-input\":{\"@type\":\"PropertyValueSpecification\",\"valueRequired\":true,\"valueName\":\"search_term_string\"}}],\"inLanguage\":\"es\"}]}<\/script>\n<!-- \/ Yoast SEO plugin. -->","yoast_head_json":{"title":"Alb\u00f3ndigas Sp\u00e4tzle ecol\u00f3gicas al estilo tirol\u00e9s - mamma emma","description":"Prueba nuestros sp\u00e4tzle al estilo tirol\u00e9s, elaborados \u00fanicamente con espinacas de hoja 100% italiana y que encierran el aut\u00e9ntico sabor de la tradici\u00f3n transalpina.","robots":{"index":"index","follow":"follow","max-snippet":"max-snippet:-1","max-image-preview":"max-image-preview:large","max-video-preview":"max-video-preview:-1"},"canonical":"https:\/\/www.mammaemma.it\/es\/gnocchi-ecologicos\/spatzle-del-tirol-organicos\/","og_locale":"es_ES","og_type":"article","og_title":"Alb\u00f3ndigas Sp\u00e4tzle ecol\u00f3gicas al estilo tirol\u00e9s - mamma emma","og_description":"Prueba nuestros sp\u00e4tzle al estilo tirol\u00e9s, elaborados \u00fanicamente con espinacas de hoja 100% italiana y que encierran el aut\u00e9ntico sabor de la tradici\u00f3n transalpina.","og_url":"https:\/\/www.mammaemma.it\/es\/gnocchi-ecologicos\/spatzle-del-tirol-organicos\/","og_site_name":"mamma emma","article_modified_time":"2025-06-09T08:23:22+00:00","og_image":[{"width":1333,"height":1500,"url":"https:\/\/www.mammaemma.it\/wp-content\/uploads\/2019\/11\/spatzle-bio.jpg","type":"image\/jpeg"}],"twitter_card":"summary_large_image","schema":{"@context":"https:\/\/schema.org","@graph":[{"@type":"WebPage","@id":"https:\/\/www.mammaemma.it\/es\/gnocchi-ecologicos\/spatzle-del-tirol-organicos\/","url":"https:\/\/www.mammaemma.it\/es\/gnocchi-ecologicos\/spatzle-del-tirol-organicos\/","name":"Alb\u00f3ndigas Sp\u00e4tzle ecol\u00f3gicas al estilo tirol\u00e9s - mamma emma","isPartOf":{"@id":"https:\/\/www.mammaemma.it\/#website"},"primaryImageOfPage":{"@id":"https:\/\/www.mammaemma.it\/es\/gnocchi-ecologicos\/spatzle-del-tirol-organicos\/#primaryimage"},"image":{"@id":"https:\/\/www.mammaemma.it\/es\/gnocchi-ecologicos\/spatzle-del-tirol-organicos\/#primaryimage"},"thumbnailUrl":"https:\/\/www.mammaemma.it\/wp-content\/uploads\/2019\/11\/spatzle-bio.jpg","datePublished":"2019-11-04T13:57:38+00:00","dateModified":"2025-06-09T08:23:22+00:00","description":"Prueba nuestros sp\u00e4tzle al estilo tirol\u00e9s, elaborados \u00fanicamente con espinacas de hoja 100% italiana y que encierran el aut\u00e9ntico sabor de la tradici\u00f3n transalpina.","breadcrumb":{"@id":"https:\/\/www.mammaemma.it\/es\/gnocchi-ecologicos\/spatzle-del-tirol-organicos\/#breadcrumb"},"inLanguage":"es","potentialAction":[{"@type":"ReadAction","target":["https:\/\/www.mammaemma.it\/es\/gnocchi-ecologicos\/spatzle-del-tirol-organicos\/"]}]},{"@type":"ImageObject","inLanguage":"es","@id":"https:\/\/www.mammaemma.it\/es\/gnocchi-ecologicos\/spatzle-del-tirol-organicos\/#primaryimage","url":"https:\/\/www.mammaemma.it\/wp-content\/uploads\/2019\/11\/spatzle-bio.jpg","contentUrl":"https:\/\/www.mammaemma.it\/wp-content\/uploads\/2019\/11\/spatzle-bio.jpg","width":1333,"height":1500,"caption":"Spatzle Biologici"},{"@type":"BreadcrumbList","@id":"https:\/\/www.mammaemma.it\/es\/gnocchi-ecologicos\/spatzle-del-tirol-organicos\/#breadcrumb","itemListElement":[{"@type":"ListItem","position":1,"name":"Home","item":"https:\/\/www.mammaemma.it\/es\/inicio-mama-emma\/"},{"@type":"ListItem","position":2,"name":"Gnocchi ecol\u00f3gicos","item":"https:\/\/www.mammaemma.it\/es\/gnocchi-ecologicos\/"},{"@type":"ListItem","position":3,"name":"Alb\u00f3ndigas Sp\u00e4tzle ecol\u00f3gicas al estilo tirol\u00e9s"}]},{"@type":"WebSite","@id":"https:\/\/www.mammaemma.it\/#website","url":"https:\/\/www.mammaemma.it\/","name":"mamma emma","description":"Cerchi ricette con gnocchi? Scopri sul nostro sito tante fantastiche idee facili e veloci per preparare degli gnocchi di patate speciali. Visita il sito!","potentialAction":[{"@type":"SearchAction","target":{"@type":"EntryPoint","urlTemplate":"https:\/\/www.mammaemma.it\/?s={search_term_string}"},"query-input":{"@type":"PropertyValueSpecification","valueRequired":true,"valueName":"search_term_string"}}],"inLanguage":"es"}]}},"_links":{"self":[{"href":"https:\/\/www.mammaemma.it\/es\/wp-json\/wp\/v2\/pages\/6799","targetHints":{"allow":["GET"]}}],"collection":[{"href":"https:\/\/www.mammaemma.it\/es\/wp-json\/wp\/v2\/pages"}],"about":[{"href":"https:\/\/www.mammaemma.it\/es\/wp-json\/wp\/v2\/types\/page"}],"author":[{"embeddable":true,"href":"https:\/\/www.mammaemma.it\/es\/wp-json\/wp\/v2\/users\/1"}],"replies":[{"embeddable":true,"href":"https:\/\/www.mammaemma.it\/es\/wp-json\/wp\/v2\/comments?post=6799"}],"version-history":[{"count":0,"href":"https:\/\/www.mammaemma.it\/es\/wp-json\/wp\/v2\/pages\/6799\/revisions"}],"up":[{"embeddable":true,"href":"https:\/\/www.mammaemma.it\/es\/wp-json\/wp\/v2\/pages\/11274"}],"wp:featuredmedia":[{"embeddable":true,"href":"https:\/\/www.mammaemma.it\/es\/wp-json\/wp\/v2\/media\/6800"}],"wp:attachment":[{"href":"https:\/\/www.mammaemma.it\/es\/wp-json\/wp\/v2\/media?parent=6799"}],"curies":[{"name":"wp","href":"https:\/\/api.w.org\/{rel}","templated":true}]}}