{"id":6820,"date":"2019-11-04T14:26:05","date_gmt":"2019-11-04T13:26:05","guid":{"rendered":"https:\/\/www.mammaemma.it\/gnocchi-organicos-con-harina-integral\/"},"modified":"2025-06-09T10:30:51","modified_gmt":"2025-06-09T08:30:51","slug":"gnocchi-organicos-con-harina-integral","status":"publish","type":"page","link":"https:\/\/www.mammaemma.it\/es\/gnocchi-ecologicos\/gnocchi-organicos-con-harina-integral\/","title":{"rendered":"Gnocchetti ecol\u00f3gicos con harina integral"},"content":{"rendered":"<p>[et_pb_section][et_pb_row][et_pb_column type=\u00bb4_4&#8243;][et_pb_text]<\/p>\n<p><strong>Un alimento rico en fibra ideal para una dieta vegana<\/strong><\/p>\n<p>El uso de <strong>harina integral<\/strong>, rica en fibra, hace que estas alb\u00f3ndigas sean extremadamente digeribles. papas El uso exclusivo de productos frescos y ecol\u00f3gicos garantiza un elevado aporte de nutrientes, ideal para una dieta vegana o vegetariana.  <br \/>El origen de los ingredientes procedentes de la agricultura ecol\u00f3gica est\u00e1 garantizado por la certificaci\u00f3n ICEA.<\/p>\n<p>[\/et_pb_text][\/et_pb_column][\/et_pb_row][\/et_pb_section]<\/p>\n","protected":false},"excerpt":{"rendered":"<p>El uso de harina integral, rica en fibra, hace que estas alb\u00f3ndigas sean extremadamente digeribles. papas El uso exclusivo de productos frescos y ecol\u00f3gicos garantiza un elevado aporte de nutrientes, ideal para una dieta vegana o vegetariana.  <\/p>\n","protected":false},"author":1,"featured_media":6825,"parent":11274,"menu_order":4,"comment_status":"closed","ping_status":"closed","template":"page-product.php","meta":{"_acf_changed":false,"_et_pb_use_builder":"on","_et_pb_old_content":"","_et_gb_content_width":"","footnotes":""},"class_list":["post-6820","page","type-page","status-publish","has-post-thumbnail","hentry"],"acf":[],"yoast_head":"<!-- This site is optimized with the Yoast SEO plugin v25.9 - https:\/\/yoast.com\/wordpress\/plugins\/seo\/ -->\n<title>Gnocchetti ecol\u00f3gicos con harina integral - mamma emma<\/title>\n<meta name=\"description\" content=\"Prueba nuestros Gnocchetti ecol\u00f3gicos con harina integral, un sabor inusual para estos Gnocchi veganos con harina integral, muy r\u00e1pidos de preparar y servir calientes, complacer\u00e1n a cualquier paladar.\" \/>\n<meta name=\"robots\" content=\"index, follow, max-snippet:-1, max-image-preview:large, max-video-preview:-1\" \/>\n<link rel=\"canonical\" href=\"https:\/\/www.mammaemma.it\/es\/gnocchi-ecologicos\/gnocchi-organicos-con-harina-integral\/\" \/>\n<meta property=\"og:locale\" content=\"es_ES\" \/>\n<meta property=\"og:type\" content=\"article\" \/>\n<meta property=\"og:title\" content=\"Gnocchetti ecol\u00f3gicos con harina integral - mamma emma\" \/>\n<meta property=\"og:description\" content=\"Prueba nuestros Gnocchetti ecol\u00f3gicos con harina integral, un sabor inusual para estos Gnocchi veganos con harina integral, muy r\u00e1pidos de preparar y servir calientes, complacer\u00e1n a cualquier paladar.\" \/>\n<meta property=\"og:url\" content=\"https:\/\/www.mammaemma.it\/es\/gnocchi-ecologicos\/gnocchi-organicos-con-harina-integral\/\" \/>\n<meta property=\"og:site_name\" content=\"mamma emma\" \/>\n<meta property=\"article:modified_time\" content=\"2025-06-09T08:30:51+00:00\" \/>\n<meta property=\"og:image\" content=\"https:\/\/www.mammaemma.it\/wp-content\/uploads\/2019\/11\/gnocchi-bio-integrali.jpg\" \/>\n\t<meta property=\"og:image:width\" content=\"1333\" \/>\n\t<meta property=\"og:image:height\" content=\"1500\" \/>\n\t<meta property=\"og:image:type\" content=\"image\/jpeg\" \/>\n<meta name=\"twitter:card\" content=\"summary_large_image\" \/>\n<script type=\"application\/ld+json\" class=\"yoast-schema-graph\">{\"@context\":\"https:\/\/schema.org\",\"@graph\":[{\"@type\":\"WebPage\",\"@id\":\"https:\/\/www.mammaemma.it\/es\/gnocchi-ecologicos\/gnocchi-organicos-con-harina-integral\/\",\"url\":\"https:\/\/www.mammaemma.it\/es\/gnocchi-ecologicos\/gnocchi-organicos-con-harina-integral\/\",\"name\":\"Gnocchetti ecol\u00f3gicos con harina integral - mamma emma\",\"isPartOf\":{\"@id\":\"https:\/\/www.mammaemma.it\/#website\"},\"primaryImageOfPage\":{\"@id\":\"https:\/\/www.mammaemma.it\/es\/gnocchi-ecologicos\/gnocchi-organicos-con-harina-integral\/#primaryimage\"},\"image\":{\"@id\":\"https:\/\/www.mammaemma.it\/es\/gnocchi-ecologicos\/gnocchi-organicos-con-harina-integral\/#primaryimage\"},\"thumbnailUrl\":\"https:\/\/www.mammaemma.it\/wp-content\/uploads\/2019\/11\/gnocchi-bio-integrali.jpg\",\"datePublished\":\"2019-11-04T13:26:05+00:00\",\"dateModified\":\"2025-06-09T08:30:51+00:00\",\"description\":\"Prueba nuestros Gnocchetti ecol\u00f3gicos con harina integral, un sabor inusual para estos Gnocchi veganos con harina integral, muy r\u00e1pidos de preparar y servir calientes, complacer\u00e1n a cualquier paladar.\",\"breadcrumb\":{\"@id\":\"https:\/\/www.mammaemma.it\/es\/gnocchi-ecologicos\/gnocchi-organicos-con-harina-integral\/#breadcrumb\"},\"inLanguage\":\"es\",\"potentialAction\":[{\"@type\":\"ReadAction\",\"target\":[\"https:\/\/www.mammaemma.it\/es\/gnocchi-ecologicos\/gnocchi-organicos-con-harina-integral\/\"]}]},{\"@type\":\"ImageObject\",\"inLanguage\":\"es\",\"@id\":\"https:\/\/www.mammaemma.it\/es\/gnocchi-ecologicos\/gnocchi-organicos-con-harina-integral\/#primaryimage\",\"url\":\"https:\/\/www.mammaemma.it\/wp-content\/uploads\/2019\/11\/gnocchi-bio-integrali.jpg\",\"contentUrl\":\"https:\/\/www.mammaemma.it\/wp-content\/uploads\/2019\/11\/gnocchi-bio-integrali.jpg\",\"width\":1333,\"height\":1500,\"caption\":\"Gnocchi Bio Integrali\"},{\"@type\":\"BreadcrumbList\",\"@id\":\"https:\/\/www.mammaemma.it\/es\/gnocchi-ecologicos\/gnocchi-organicos-con-harina-integral\/#breadcrumb\",\"itemListElement\":[{\"@type\":\"ListItem\",\"position\":1,\"name\":\"Home\",\"item\":\"https:\/\/www.mammaemma.it\/es\/inicio-mama-emma\/\"},{\"@type\":\"ListItem\",\"position\":2,\"name\":\"Gnocchi ecol\u00f3gicos\",\"item\":\"https:\/\/www.mammaemma.it\/es\/gnocchi-ecologicos\/\"},{\"@type\":\"ListItem\",\"position\":3,\"name\":\"Gnocchetti ecol\u00f3gicos con harina integral\"}]},{\"@type\":\"WebSite\",\"@id\":\"https:\/\/www.mammaemma.it\/#website\",\"url\":\"https:\/\/www.mammaemma.it\/\",\"name\":\"mamma emma\",\"description\":\"Cerchi ricette con gnocchi? Scopri sul nostro sito tante fantastiche idee facili e veloci per preparare degli gnocchi di patate speciali. Visita il sito!\",\"potentialAction\":[{\"@type\":\"SearchAction\",\"target\":{\"@type\":\"EntryPoint\",\"urlTemplate\":\"https:\/\/www.mammaemma.it\/?s={search_term_string}\"},\"query-input\":{\"@type\":\"PropertyValueSpecification\",\"valueRequired\":true,\"valueName\":\"search_term_string\"}}],\"inLanguage\":\"es\"}]}<\/script>\n<!-- \/ Yoast SEO plugin. -->","yoast_head_json":{"title":"Gnocchetti ecol\u00f3gicos con harina integral - mamma emma","description":"Prueba nuestros Gnocchetti ecol\u00f3gicos con harina integral, un sabor inusual para estos Gnocchi veganos con harina integral, muy r\u00e1pidos de preparar y servir calientes, complacer\u00e1n a cualquier paladar.","robots":{"index":"index","follow":"follow","max-snippet":"max-snippet:-1","max-image-preview":"max-image-preview:large","max-video-preview":"max-video-preview:-1"},"canonical":"https:\/\/www.mammaemma.it\/es\/gnocchi-ecologicos\/gnocchi-organicos-con-harina-integral\/","og_locale":"es_ES","og_type":"article","og_title":"Gnocchetti ecol\u00f3gicos con harina integral - mamma emma","og_description":"Prueba nuestros Gnocchetti ecol\u00f3gicos con harina integral, un sabor inusual para estos Gnocchi veganos con harina integral, muy r\u00e1pidos de preparar y servir calientes, complacer\u00e1n a cualquier paladar.","og_url":"https:\/\/www.mammaemma.it\/es\/gnocchi-ecologicos\/gnocchi-organicos-con-harina-integral\/","og_site_name":"mamma emma","article_modified_time":"2025-06-09T08:30:51+00:00","og_image":[{"width":1333,"height":1500,"url":"https:\/\/www.mammaemma.it\/wp-content\/uploads\/2019\/11\/gnocchi-bio-integrali.jpg","type":"image\/jpeg"}],"twitter_card":"summary_large_image","schema":{"@context":"https:\/\/schema.org","@graph":[{"@type":"WebPage","@id":"https:\/\/www.mammaemma.it\/es\/gnocchi-ecologicos\/gnocchi-organicos-con-harina-integral\/","url":"https:\/\/www.mammaemma.it\/es\/gnocchi-ecologicos\/gnocchi-organicos-con-harina-integral\/","name":"Gnocchetti ecol\u00f3gicos con harina integral - mamma emma","isPartOf":{"@id":"https:\/\/www.mammaemma.it\/#website"},"primaryImageOfPage":{"@id":"https:\/\/www.mammaemma.it\/es\/gnocchi-ecologicos\/gnocchi-organicos-con-harina-integral\/#primaryimage"},"image":{"@id":"https:\/\/www.mammaemma.it\/es\/gnocchi-ecologicos\/gnocchi-organicos-con-harina-integral\/#primaryimage"},"thumbnailUrl":"https:\/\/www.mammaemma.it\/wp-content\/uploads\/2019\/11\/gnocchi-bio-integrali.jpg","datePublished":"2019-11-04T13:26:05+00:00","dateModified":"2025-06-09T08:30:51+00:00","description":"Prueba nuestros Gnocchetti ecol\u00f3gicos con harina integral, un sabor inusual para estos Gnocchi veganos con harina integral, muy r\u00e1pidos de preparar y servir calientes, complacer\u00e1n a cualquier paladar.","breadcrumb":{"@id":"https:\/\/www.mammaemma.it\/es\/gnocchi-ecologicos\/gnocchi-organicos-con-harina-integral\/#breadcrumb"},"inLanguage":"es","potentialAction":[{"@type":"ReadAction","target":["https:\/\/www.mammaemma.it\/es\/gnocchi-ecologicos\/gnocchi-organicos-con-harina-integral\/"]}]},{"@type":"ImageObject","inLanguage":"es","@id":"https:\/\/www.mammaemma.it\/es\/gnocchi-ecologicos\/gnocchi-organicos-con-harina-integral\/#primaryimage","url":"https:\/\/www.mammaemma.it\/wp-content\/uploads\/2019\/11\/gnocchi-bio-integrali.jpg","contentUrl":"https:\/\/www.mammaemma.it\/wp-content\/uploads\/2019\/11\/gnocchi-bio-integrali.jpg","width":1333,"height":1500,"caption":"Gnocchi Bio Integrali"},{"@type":"BreadcrumbList","@id":"https:\/\/www.mammaemma.it\/es\/gnocchi-ecologicos\/gnocchi-organicos-con-harina-integral\/#breadcrumb","itemListElement":[{"@type":"ListItem","position":1,"name":"Home","item":"https:\/\/www.mammaemma.it\/es\/inicio-mama-emma\/"},{"@type":"ListItem","position":2,"name":"Gnocchi ecol\u00f3gicos","item":"https:\/\/www.mammaemma.it\/es\/gnocchi-ecologicos\/"},{"@type":"ListItem","position":3,"name":"Gnocchetti ecol\u00f3gicos con harina integral"}]},{"@type":"WebSite","@id":"https:\/\/www.mammaemma.it\/#website","url":"https:\/\/www.mammaemma.it\/","name":"mamma emma","description":"Cerchi ricette con gnocchi? Scopri sul nostro sito tante fantastiche idee facili e veloci per preparare degli gnocchi di patate speciali. Visita il sito!","potentialAction":[{"@type":"SearchAction","target":{"@type":"EntryPoint","urlTemplate":"https:\/\/www.mammaemma.it\/?s={search_term_string}"},"query-input":{"@type":"PropertyValueSpecification","valueRequired":true,"valueName":"search_term_string"}}],"inLanguage":"es"}]}},"_links":{"self":[{"href":"https:\/\/www.mammaemma.it\/es\/wp-json\/wp\/v2\/pages\/6820","targetHints":{"allow":["GET"]}}],"collection":[{"href":"https:\/\/www.mammaemma.it\/es\/wp-json\/wp\/v2\/pages"}],"about":[{"href":"https:\/\/www.mammaemma.it\/es\/wp-json\/wp\/v2\/types\/page"}],"author":[{"embeddable":true,"href":"https:\/\/www.mammaemma.it\/es\/wp-json\/wp\/v2\/users\/1"}],"replies":[{"embeddable":true,"href":"https:\/\/www.mammaemma.it\/es\/wp-json\/wp\/v2\/comments?post=6820"}],"version-history":[{"count":0,"href":"https:\/\/www.mammaemma.it\/es\/wp-json\/wp\/v2\/pages\/6820\/revisions"}],"up":[{"embeddable":true,"href":"https:\/\/www.mammaemma.it\/es\/wp-json\/wp\/v2\/pages\/11274"}],"wp:featuredmedia":[{"embeddable":true,"href":"https:\/\/www.mammaemma.it\/es\/wp-json\/wp\/v2\/media\/6825"}],"wp:attachment":[{"href":"https:\/\/www.mammaemma.it\/es\/wp-json\/wp\/v2\/media?parent=6820"}],"curies":[{"name":"wp","href":"https:\/\/api.w.org\/{rel}","templated":true}]}}