{"id":6834,"date":"2019-11-04T14:23:40","date_gmt":"2019-11-04T13:23:40","guid":{"rendered":"https:\/\/www.mammaemma.it\/gnocchi-organicos-con-harina-de-espelta\/"},"modified":"2025-06-09T10:09:11","modified_gmt":"2025-06-09T08:09:11","slug":"gnocchi-organicos-con-harina-de-espelta","status":"publish","type":"page","link":"https:\/\/www.mammaemma.it\/es\/gnocchi-ecologicos\/gnocchi-organicos-con-harina-de-espelta\/","title":{"rendered":"Gnocchi ecol\u00f3gicos con harina de espelta"},"content":{"rendered":"<p>[et_pb_section][et_pb_row][et_pb_column type=\u00bb4_4&#8243;][et_pb_text]<\/p>\n<p><strong>Un producto artesanal con sabor r\u00fastico  <\/strong><\/p>\n<p>papas Suaves y sabrosos, nuestros <strong>Gnocchi con harina de espelta<\/strong> ecol\u00f3gica se elaboran mediante un sistema de control total, y tienen toda la autenticidad y el sabor intenso de los reci\u00e9n hervidos . Un producto artesanal de sabor r\u00fastico y aut\u00e9ntico, fruto de una investigaci\u00f3n continua que equilibra innovaci\u00f3n y sostenibilidad. <\/p>\n<p>[\/et_pb_text][\/et_pb_column][\/et_pb_row][\/et_pb_section]<\/p>\n","protected":false},"excerpt":{"rendered":"<p>papas Suaves y sabrosos, nuestros Gnocchi con harina de espelta ecol\u00f3gica se elaboran mediante un sistema de control total, y tienen toda la autenticidad y el sabor intenso de los reci\u00e9n hervidos . Un producto artesanal de sabor r\u00fastico y aut\u00e9ntico, resultado de una investigaci\u00f3n continua que equilibra innovaci\u00f3n y sostenibilidad. <\/p>\n","protected":false},"author":1,"featured_media":6839,"parent":11274,"menu_order":5,"comment_status":"closed","ping_status":"closed","template":"page-product.php","meta":{"_acf_changed":false,"_et_pb_use_builder":"on","_et_pb_old_content":"","_et_gb_content_width":"","footnotes":""},"class_list":["post-6834","page","type-page","status-publish","has-post-thumbnail","hentry"],"acf":[],"yoast_head":"<!-- This site is optimized with the Yoast SEO plugin v25.9 - https:\/\/yoast.com\/wordpress\/plugins\/seo\/ -->\n<title>- Gnocchi ecol\u00f3gicos con harina de espelta mamma emma<\/title>\n<meta name=\"description\" content=\"Prueba nuestros Gnocchi con harina de espelta, un producto artesanal de sabor r\u00fastico y aut\u00e9ntico que a\u00fana innovaci\u00f3n continua y sostenibilidad.\" \/>\n<meta name=\"robots\" content=\"index, follow, max-snippet:-1, max-image-preview:large, max-video-preview:-1\" \/>\n<link rel=\"canonical\" href=\"https:\/\/www.mammaemma.it\/es\/gnocchi-ecologicos\/gnocchi-organicos-con-harina-de-espelta\/\" \/>\n<meta property=\"og:locale\" content=\"es_ES\" \/>\n<meta property=\"og:type\" content=\"article\" \/>\n<meta property=\"og:title\" content=\"- Gnocchi ecol\u00f3gicos con harina de espelta mamma emma\" \/>\n<meta property=\"og:description\" content=\"Prueba nuestros Gnocchi con harina de espelta, un producto artesanal de sabor r\u00fastico y aut\u00e9ntico que a\u00fana innovaci\u00f3n continua y sostenibilidad.\" \/>\n<meta property=\"og:url\" content=\"https:\/\/www.mammaemma.it\/es\/gnocchi-ecologicos\/gnocchi-organicos-con-harina-de-espelta\/\" \/>\n<meta property=\"og:site_name\" content=\"mamma emma\" \/>\n<meta property=\"article:modified_time\" content=\"2025-06-09T08:09:11+00:00\" \/>\n<meta property=\"og:image\" content=\"https:\/\/www.mammaemma.it\/wp-content\/uploads\/2019\/11\/gnocchi-bio-farro.jpg\" \/>\n\t<meta property=\"og:image:width\" content=\"1333\" \/>\n\t<meta property=\"og:image:height\" content=\"1500\" \/>\n\t<meta property=\"og:image:type\" content=\"image\/jpeg\" \/>\n<meta name=\"twitter:card\" content=\"summary_large_image\" \/>\n<script type=\"application\/ld+json\" class=\"yoast-schema-graph\">{\"@context\":\"https:\/\/schema.org\",\"@graph\":[{\"@type\":\"WebPage\",\"@id\":\"https:\/\/www.mammaemma.it\/es\/gnocchi-ecologicos\/gnocchi-organicos-con-harina-de-espelta\/\",\"url\":\"https:\/\/www.mammaemma.it\/es\/gnocchi-ecologicos\/gnocchi-organicos-con-harina-de-espelta\/\",\"name\":\"- Gnocchi ecol\u00f3gicos con harina de espelta mamma emma\",\"isPartOf\":{\"@id\":\"https:\/\/www.mammaemma.it\/#website\"},\"primaryImageOfPage\":{\"@id\":\"https:\/\/www.mammaemma.it\/es\/gnocchi-ecologicos\/gnocchi-organicos-con-harina-de-espelta\/#primaryimage\"},\"image\":{\"@id\":\"https:\/\/www.mammaemma.it\/es\/gnocchi-ecologicos\/gnocchi-organicos-con-harina-de-espelta\/#primaryimage\"},\"thumbnailUrl\":\"https:\/\/www.mammaemma.it\/wp-content\/uploads\/2019\/11\/gnocchi-bio-farro.jpg\",\"datePublished\":\"2019-11-04T13:23:40+00:00\",\"dateModified\":\"2025-06-09T08:09:11+00:00\",\"description\":\"Prueba nuestros Gnocchi con harina de espelta, un producto artesanal de sabor r\u00fastico y aut\u00e9ntico que a\u00fana innovaci\u00f3n continua y sostenibilidad.\",\"breadcrumb\":{\"@id\":\"https:\/\/www.mammaemma.it\/es\/gnocchi-ecologicos\/gnocchi-organicos-con-harina-de-espelta\/#breadcrumb\"},\"inLanguage\":\"es\",\"potentialAction\":[{\"@type\":\"ReadAction\",\"target\":[\"https:\/\/www.mammaemma.it\/es\/gnocchi-ecologicos\/gnocchi-organicos-con-harina-de-espelta\/\"]}]},{\"@type\":\"ImageObject\",\"inLanguage\":\"es\",\"@id\":\"https:\/\/www.mammaemma.it\/es\/gnocchi-ecologicos\/gnocchi-organicos-con-harina-de-espelta\/#primaryimage\",\"url\":\"https:\/\/www.mammaemma.it\/wp-content\/uploads\/2019\/11\/gnocchi-bio-farro.jpg\",\"contentUrl\":\"https:\/\/www.mammaemma.it\/wp-content\/uploads\/2019\/11\/gnocchi-bio-farro.jpg\",\"width\":1333,\"height\":1500,\"caption\":\"Gnocchi di patate al farro\"},{\"@type\":\"BreadcrumbList\",\"@id\":\"https:\/\/www.mammaemma.it\/es\/gnocchi-ecologicos\/gnocchi-organicos-con-harina-de-espelta\/#breadcrumb\",\"itemListElement\":[{\"@type\":\"ListItem\",\"position\":1,\"name\":\"Home\",\"item\":\"https:\/\/www.mammaemma.it\/es\/inicio-mama-emma\/\"},{\"@type\":\"ListItem\",\"position\":2,\"name\":\"Gnocchi ecol\u00f3gicos\",\"item\":\"https:\/\/www.mammaemma.it\/es\/gnocchi-ecologicos\/\"},{\"@type\":\"ListItem\",\"position\":3,\"name\":\"Gnocchi ecol\u00f3gicos con harina de espelta\"}]},{\"@type\":\"WebSite\",\"@id\":\"https:\/\/www.mammaemma.it\/#website\",\"url\":\"https:\/\/www.mammaemma.it\/\",\"name\":\"mamma emma\",\"description\":\"Cerchi ricette con gnocchi? Scopri sul nostro sito tante fantastiche idee facili e veloci per preparare degli gnocchi di patate speciali. Visita il sito!\",\"potentialAction\":[{\"@type\":\"SearchAction\",\"target\":{\"@type\":\"EntryPoint\",\"urlTemplate\":\"https:\/\/www.mammaemma.it\/?s={search_term_string}\"},\"query-input\":{\"@type\":\"PropertyValueSpecification\",\"valueRequired\":true,\"valueName\":\"search_term_string\"}}],\"inLanguage\":\"es\"}]}<\/script>\n<!-- \/ Yoast SEO plugin. -->","yoast_head_json":{"title":"- Gnocchi ecol\u00f3gicos con harina de espelta mamma emma","description":"Prueba nuestros Gnocchi con harina de espelta, un producto artesanal de sabor r\u00fastico y aut\u00e9ntico que a\u00fana innovaci\u00f3n continua y sostenibilidad.","robots":{"index":"index","follow":"follow","max-snippet":"max-snippet:-1","max-image-preview":"max-image-preview:large","max-video-preview":"max-video-preview:-1"},"canonical":"https:\/\/www.mammaemma.it\/es\/gnocchi-ecologicos\/gnocchi-organicos-con-harina-de-espelta\/","og_locale":"es_ES","og_type":"article","og_title":"- Gnocchi ecol\u00f3gicos con harina de espelta mamma emma","og_description":"Prueba nuestros Gnocchi con harina de espelta, un producto artesanal de sabor r\u00fastico y aut\u00e9ntico que a\u00fana innovaci\u00f3n continua y sostenibilidad.","og_url":"https:\/\/www.mammaemma.it\/es\/gnocchi-ecologicos\/gnocchi-organicos-con-harina-de-espelta\/","og_site_name":"mamma emma","article_modified_time":"2025-06-09T08:09:11+00:00","og_image":[{"width":1333,"height":1500,"url":"https:\/\/www.mammaemma.it\/wp-content\/uploads\/2019\/11\/gnocchi-bio-farro.jpg","type":"image\/jpeg"}],"twitter_card":"summary_large_image","schema":{"@context":"https:\/\/schema.org","@graph":[{"@type":"WebPage","@id":"https:\/\/www.mammaemma.it\/es\/gnocchi-ecologicos\/gnocchi-organicos-con-harina-de-espelta\/","url":"https:\/\/www.mammaemma.it\/es\/gnocchi-ecologicos\/gnocchi-organicos-con-harina-de-espelta\/","name":"- Gnocchi ecol\u00f3gicos con harina de espelta mamma emma","isPartOf":{"@id":"https:\/\/www.mammaemma.it\/#website"},"primaryImageOfPage":{"@id":"https:\/\/www.mammaemma.it\/es\/gnocchi-ecologicos\/gnocchi-organicos-con-harina-de-espelta\/#primaryimage"},"image":{"@id":"https:\/\/www.mammaemma.it\/es\/gnocchi-ecologicos\/gnocchi-organicos-con-harina-de-espelta\/#primaryimage"},"thumbnailUrl":"https:\/\/www.mammaemma.it\/wp-content\/uploads\/2019\/11\/gnocchi-bio-farro.jpg","datePublished":"2019-11-04T13:23:40+00:00","dateModified":"2025-06-09T08:09:11+00:00","description":"Prueba nuestros Gnocchi con harina de espelta, un producto artesanal de sabor r\u00fastico y aut\u00e9ntico que a\u00fana innovaci\u00f3n continua y sostenibilidad.","breadcrumb":{"@id":"https:\/\/www.mammaemma.it\/es\/gnocchi-ecologicos\/gnocchi-organicos-con-harina-de-espelta\/#breadcrumb"},"inLanguage":"es","potentialAction":[{"@type":"ReadAction","target":["https:\/\/www.mammaemma.it\/es\/gnocchi-ecologicos\/gnocchi-organicos-con-harina-de-espelta\/"]}]},{"@type":"ImageObject","inLanguage":"es","@id":"https:\/\/www.mammaemma.it\/es\/gnocchi-ecologicos\/gnocchi-organicos-con-harina-de-espelta\/#primaryimage","url":"https:\/\/www.mammaemma.it\/wp-content\/uploads\/2019\/11\/gnocchi-bio-farro.jpg","contentUrl":"https:\/\/www.mammaemma.it\/wp-content\/uploads\/2019\/11\/gnocchi-bio-farro.jpg","width":1333,"height":1500,"caption":"Gnocchi di patate al farro"},{"@type":"BreadcrumbList","@id":"https:\/\/www.mammaemma.it\/es\/gnocchi-ecologicos\/gnocchi-organicos-con-harina-de-espelta\/#breadcrumb","itemListElement":[{"@type":"ListItem","position":1,"name":"Home","item":"https:\/\/www.mammaemma.it\/es\/inicio-mama-emma\/"},{"@type":"ListItem","position":2,"name":"Gnocchi ecol\u00f3gicos","item":"https:\/\/www.mammaemma.it\/es\/gnocchi-ecologicos\/"},{"@type":"ListItem","position":3,"name":"Gnocchi ecol\u00f3gicos con harina de espelta"}]},{"@type":"WebSite","@id":"https:\/\/www.mammaemma.it\/#website","url":"https:\/\/www.mammaemma.it\/","name":"mamma emma","description":"Cerchi ricette con gnocchi? Scopri sul nostro sito tante fantastiche idee facili e veloci per preparare degli gnocchi di patate speciali. Visita il sito!","potentialAction":[{"@type":"SearchAction","target":{"@type":"EntryPoint","urlTemplate":"https:\/\/www.mammaemma.it\/?s={search_term_string}"},"query-input":{"@type":"PropertyValueSpecification","valueRequired":true,"valueName":"search_term_string"}}],"inLanguage":"es"}]}},"_links":{"self":[{"href":"https:\/\/www.mammaemma.it\/es\/wp-json\/wp\/v2\/pages\/6834","targetHints":{"allow":["GET"]}}],"collection":[{"href":"https:\/\/www.mammaemma.it\/es\/wp-json\/wp\/v2\/pages"}],"about":[{"href":"https:\/\/www.mammaemma.it\/es\/wp-json\/wp\/v2\/types\/page"}],"author":[{"embeddable":true,"href":"https:\/\/www.mammaemma.it\/es\/wp-json\/wp\/v2\/users\/1"}],"replies":[{"embeddable":true,"href":"https:\/\/www.mammaemma.it\/es\/wp-json\/wp\/v2\/comments?post=6834"}],"version-history":[{"count":0,"href":"https:\/\/www.mammaemma.it\/es\/wp-json\/wp\/v2\/pages\/6834\/revisions"}],"up":[{"embeddable":true,"href":"https:\/\/www.mammaemma.it\/es\/wp-json\/wp\/v2\/pages\/11274"}],"wp:featuredmedia":[{"embeddable":true,"href":"https:\/\/www.mammaemma.it\/es\/wp-json\/wp\/v2\/media\/6839"}],"wp:attachment":[{"href":"https:\/\/www.mammaemma.it\/es\/wp-json\/wp\/v2\/media?parent=6834"}],"curies":[{"name":"wp","href":"https:\/\/api.w.org\/{rel}","templated":true}]}}