{"id":9242,"date":"2022-01-18T12:19:39","date_gmt":"2022-01-18T11:19:39","guid":{"rendered":"https:\/\/www.mammaemma.it\/?page_id=9242"},"modified":"2024-10-17T01:25:57","modified_gmt":"2024-10-16T23:25:57","slug":"gnocchi-sin-gluten-con-harina-de-garbanzos","status":"publish","type":"page","link":"https:\/\/www.mammaemma.it\/es\/gnocchi-sin-gluten\/gnocchi-sin-gluten-con-harina-de-garbanzos\/","title":{"rendered":"Gnocchi sin gluten con harina de garbanzos"},"content":{"rendered":"&#13;\n<p><strong><strong><strong><strong>Adecuado para una dieta sana y ligera<\/strong><\/strong><\/strong><\/strong><\/p>&#13;\n&#13;\n<p><strong>Los Gnocchi sin gluten con harina de garbanzos<\/strong> son tan sanos como vers\u00e1tiles. Un primer plato sano y ligero que, adem\u00e1s de ser r\u00e1pido de preparar, es un aut\u00e9ntico remedio para nuestro organismo. <\/p>&#13;\n","protected":false},"excerpt":{"rendered":"<p>Los Gnocchi sin gluten con harina de garbanzos son tan sanos como vers\u00e1tiles. Un primer plato sano y ligero que, adem\u00e1s de ser r\u00e1pido de preparar, es un aut\u00e9ntico remedio para nuestro organismo. <\/p>\n","protected":false},"author":1,"featured_media":6535,"parent":11289,"menu_order":4,"comment_status":"closed","ping_status":"closed","template":"page-product.php","meta":{"_acf_changed":false,"_et_pb_use_builder":"","_et_pb_old_content":"","_et_gb_content_width":"","footnotes":""},"class_list":["post-9242","page","type-page","status-publish","has-post-thumbnail","hentry"],"acf":[],"yoast_head":"<!-- This site is optimized with the Yoast SEO plugin v25.9 - https:\/\/yoast.com\/wordpress\/plugins\/seo\/ -->\n<title>- Gnocchi sin gluten con harina de garbanzos mamma emma<\/title>\n<meta name=\"description\" content=\"Los Gnocchi sin gluten con harina de garbanzos son tan genuinos como vers\u00e1tiles.\" \/>\n<meta name=\"robots\" content=\"index, follow, max-snippet:-1, max-image-preview:large, max-video-preview:-1\" \/>\n<link rel=\"canonical\" href=\"https:\/\/www.mammaemma.it\/es\/gnocchi-sin-gluten\/gnocchi-sin-gluten-con-harina-de-garbanzos\/\" \/>\n<meta property=\"og:locale\" content=\"es_ES\" \/>\n<meta property=\"og:type\" content=\"article\" \/>\n<meta property=\"og:title\" content=\"- Gnocchi sin gluten con harina de garbanzos mamma emma\" \/>\n<meta property=\"og:description\" content=\"Los Gnocchi sin gluten con harina de garbanzos son tan genuinos como vers\u00e1tiles.\" \/>\n<meta property=\"og:url\" content=\"https:\/\/www.mammaemma.it\/es\/gnocchi-sin-gluten\/gnocchi-sin-gluten-con-harina-de-garbanzos\/\" \/>\n<meta property=\"og:site_name\" content=\"mamma emma\" \/>\n<meta property=\"article:modified_time\" content=\"2024-10-16T23:25:57+00:00\" \/>\n<meta property=\"og:image\" content=\"https:\/\/www.mammaemma.it\/wp-content\/uploads\/2019\/10\/gnocchi-rapa.jpg\" \/>\n\t<meta property=\"og:image:width\" content=\"1333\" \/>\n\t<meta property=\"og:image:height\" content=\"1500\" \/>\n\t<meta property=\"og:image:type\" content=\"image\/jpeg\" \/>\n<meta name=\"twitter:card\" content=\"summary_large_image\" \/>\n<meta name=\"twitter:label1\" content=\"Tiempo de lectura\" \/>\n\t<meta name=\"twitter:data1\" content=\"1 minuto\" \/>\n<script type=\"application\/ld+json\" class=\"yoast-schema-graph\">{\"@context\":\"https:\/\/schema.org\",\"@graph\":[{\"@type\":\"WebPage\",\"@id\":\"https:\/\/www.mammaemma.it\/es\/gnocchi-sin-gluten\/gnocchi-sin-gluten-con-harina-de-garbanzos\/\",\"url\":\"https:\/\/www.mammaemma.it\/es\/gnocchi-sin-gluten\/gnocchi-sin-gluten-con-harina-de-garbanzos\/\",\"name\":\"- Gnocchi sin gluten con harina de garbanzos mamma emma\",\"isPartOf\":{\"@id\":\"https:\/\/www.mammaemma.it\/#website\"},\"primaryImageOfPage\":{\"@id\":\"https:\/\/www.mammaemma.it\/es\/gnocchi-sin-gluten\/gnocchi-sin-gluten-con-harina-de-garbanzos\/#primaryimage\"},\"image\":{\"@id\":\"https:\/\/www.mammaemma.it\/es\/gnocchi-sin-gluten\/gnocchi-sin-gluten-con-harina-de-garbanzos\/#primaryimage\"},\"thumbnailUrl\":\"https:\/\/www.mammaemma.it\/wp-content\/uploads\/2019\/10\/gnocchi-rapa.jpg\",\"datePublished\":\"2022-01-18T11:19:39+00:00\",\"dateModified\":\"2024-10-16T23:25:57+00:00\",\"description\":\"Los Gnocchi sin gluten con harina de garbanzos son tan genuinos como vers\u00e1tiles.\",\"breadcrumb\":{\"@id\":\"https:\/\/www.mammaemma.it\/es\/gnocchi-sin-gluten\/gnocchi-sin-gluten-con-harina-de-garbanzos\/#breadcrumb\"},\"inLanguage\":\"es\",\"potentialAction\":[{\"@type\":\"ReadAction\",\"target\":[\"https:\/\/www.mammaemma.it\/es\/gnocchi-sin-gluten\/gnocchi-sin-gluten-con-harina-de-garbanzos\/\"]}]},{\"@type\":\"ImageObject\",\"inLanguage\":\"es\",\"@id\":\"https:\/\/www.mammaemma.it\/es\/gnocchi-sin-gluten\/gnocchi-sin-gluten-con-harina-de-garbanzos\/#primaryimage\",\"url\":\"https:\/\/www.mammaemma.it\/wp-content\/uploads\/2019\/10\/gnocchi-rapa.jpg\",\"contentUrl\":\"https:\/\/www.mammaemma.it\/wp-content\/uploads\/2019\/10\/gnocchi-rapa.jpg\",\"width\":1333,\"height\":1500},{\"@type\":\"BreadcrumbList\",\"@id\":\"https:\/\/www.mammaemma.it\/es\/gnocchi-sin-gluten\/gnocchi-sin-gluten-con-harina-de-garbanzos\/#breadcrumb\",\"itemListElement\":[{\"@type\":\"ListItem\",\"position\":1,\"name\":\"Home\",\"item\":\"https:\/\/www.mammaemma.it\/es\/inicio-mama-emma\/\"},{\"@type\":\"ListItem\",\"position\":2,\"name\":\"Gnocchi sin gluten\",\"item\":\"https:\/\/www.mammaemma.it\/es\/gnocchi-sin-gluten\/\"},{\"@type\":\"ListItem\",\"position\":3,\"name\":\"Gnocchi sin gluten con harina de garbanzos\"}]},{\"@type\":\"WebSite\",\"@id\":\"https:\/\/www.mammaemma.it\/#website\",\"url\":\"https:\/\/www.mammaemma.it\/\",\"name\":\"mamma emma\",\"description\":\"Cerchi ricette con gnocchi? Scopri sul nostro sito tante fantastiche idee facili e veloci per preparare degli gnocchi di patate speciali. Visita il sito!\",\"potentialAction\":[{\"@type\":\"SearchAction\",\"target\":{\"@type\":\"EntryPoint\",\"urlTemplate\":\"https:\/\/www.mammaemma.it\/?s={search_term_string}\"},\"query-input\":{\"@type\":\"PropertyValueSpecification\",\"valueRequired\":true,\"valueName\":\"search_term_string\"}}],\"inLanguage\":\"es\"}]}<\/script>\n<!-- \/ Yoast SEO plugin. -->","yoast_head_json":{"title":"- Gnocchi sin gluten con harina de garbanzos mamma emma","description":"Los Gnocchi sin gluten con harina de garbanzos son tan genuinos como vers\u00e1tiles.","robots":{"index":"index","follow":"follow","max-snippet":"max-snippet:-1","max-image-preview":"max-image-preview:large","max-video-preview":"max-video-preview:-1"},"canonical":"https:\/\/www.mammaemma.it\/es\/gnocchi-sin-gluten\/gnocchi-sin-gluten-con-harina-de-garbanzos\/","og_locale":"es_ES","og_type":"article","og_title":"- Gnocchi sin gluten con harina de garbanzos mamma emma","og_description":"Los Gnocchi sin gluten con harina de garbanzos son tan genuinos como vers\u00e1tiles.","og_url":"https:\/\/www.mammaemma.it\/es\/gnocchi-sin-gluten\/gnocchi-sin-gluten-con-harina-de-garbanzos\/","og_site_name":"mamma emma","article_modified_time":"2024-10-16T23:25:57+00:00","og_image":[{"width":1333,"height":1500,"url":"https:\/\/www.mammaemma.it\/wp-content\/uploads\/2019\/10\/gnocchi-rapa.jpg","type":"image\/jpeg"}],"twitter_card":"summary_large_image","twitter_misc":{"Tiempo de lectura":"1 minuto"},"schema":{"@context":"https:\/\/schema.org","@graph":[{"@type":"WebPage","@id":"https:\/\/www.mammaemma.it\/es\/gnocchi-sin-gluten\/gnocchi-sin-gluten-con-harina-de-garbanzos\/","url":"https:\/\/www.mammaemma.it\/es\/gnocchi-sin-gluten\/gnocchi-sin-gluten-con-harina-de-garbanzos\/","name":"- Gnocchi sin gluten con harina de garbanzos mamma emma","isPartOf":{"@id":"https:\/\/www.mammaemma.it\/#website"},"primaryImageOfPage":{"@id":"https:\/\/www.mammaemma.it\/es\/gnocchi-sin-gluten\/gnocchi-sin-gluten-con-harina-de-garbanzos\/#primaryimage"},"image":{"@id":"https:\/\/www.mammaemma.it\/es\/gnocchi-sin-gluten\/gnocchi-sin-gluten-con-harina-de-garbanzos\/#primaryimage"},"thumbnailUrl":"https:\/\/www.mammaemma.it\/wp-content\/uploads\/2019\/10\/gnocchi-rapa.jpg","datePublished":"2022-01-18T11:19:39+00:00","dateModified":"2024-10-16T23:25:57+00:00","description":"Los Gnocchi sin gluten con harina de garbanzos son tan genuinos como vers\u00e1tiles.","breadcrumb":{"@id":"https:\/\/www.mammaemma.it\/es\/gnocchi-sin-gluten\/gnocchi-sin-gluten-con-harina-de-garbanzos\/#breadcrumb"},"inLanguage":"es","potentialAction":[{"@type":"ReadAction","target":["https:\/\/www.mammaemma.it\/es\/gnocchi-sin-gluten\/gnocchi-sin-gluten-con-harina-de-garbanzos\/"]}]},{"@type":"ImageObject","inLanguage":"es","@id":"https:\/\/www.mammaemma.it\/es\/gnocchi-sin-gluten\/gnocchi-sin-gluten-con-harina-de-garbanzos\/#primaryimage","url":"https:\/\/www.mammaemma.it\/wp-content\/uploads\/2019\/10\/gnocchi-rapa.jpg","contentUrl":"https:\/\/www.mammaemma.it\/wp-content\/uploads\/2019\/10\/gnocchi-rapa.jpg","width":1333,"height":1500},{"@type":"BreadcrumbList","@id":"https:\/\/www.mammaemma.it\/es\/gnocchi-sin-gluten\/gnocchi-sin-gluten-con-harina-de-garbanzos\/#breadcrumb","itemListElement":[{"@type":"ListItem","position":1,"name":"Home","item":"https:\/\/www.mammaemma.it\/es\/inicio-mama-emma\/"},{"@type":"ListItem","position":2,"name":"Gnocchi sin gluten","item":"https:\/\/www.mammaemma.it\/es\/gnocchi-sin-gluten\/"},{"@type":"ListItem","position":3,"name":"Gnocchi sin gluten con harina de garbanzos"}]},{"@type":"WebSite","@id":"https:\/\/www.mammaemma.it\/#website","url":"https:\/\/www.mammaemma.it\/","name":"mamma emma","description":"Cerchi ricette con gnocchi? Scopri sul nostro sito tante fantastiche idee facili e veloci per preparare degli gnocchi di patate speciali. Visita il sito!","potentialAction":[{"@type":"SearchAction","target":{"@type":"EntryPoint","urlTemplate":"https:\/\/www.mammaemma.it\/?s={search_term_string}"},"query-input":{"@type":"PropertyValueSpecification","valueRequired":true,"valueName":"search_term_string"}}],"inLanguage":"es"}]}},"_links":{"self":[{"href":"https:\/\/www.mammaemma.it\/es\/wp-json\/wp\/v2\/pages\/9242","targetHints":{"allow":["GET"]}}],"collection":[{"href":"https:\/\/www.mammaemma.it\/es\/wp-json\/wp\/v2\/pages"}],"about":[{"href":"https:\/\/www.mammaemma.it\/es\/wp-json\/wp\/v2\/types\/page"}],"author":[{"embeddable":true,"href":"https:\/\/www.mammaemma.it\/es\/wp-json\/wp\/v2\/users\/1"}],"replies":[{"embeddable":true,"href":"https:\/\/www.mammaemma.it\/es\/wp-json\/wp\/v2\/comments?post=9242"}],"version-history":[{"count":0,"href":"https:\/\/www.mammaemma.it\/es\/wp-json\/wp\/v2\/pages\/9242\/revisions"}],"up":[{"embeddable":true,"href":"https:\/\/www.mammaemma.it\/es\/wp-json\/wp\/v2\/pages\/11289"}],"wp:featuredmedia":[{"embeddable":true,"href":"https:\/\/www.mammaemma.it\/es\/wp-json\/wp\/v2\/media\/6535"}],"wp:attachment":[{"href":"https:\/\/www.mammaemma.it\/es\/wp-json\/wp\/v2\/media?parent=9242"}],"curies":[{"name":"wp","href":"https:\/\/api.w.org\/{rel}","templated":true}]}}